{"id":2863,"date":"2022-12-13T06:56:22","date_gmt":"2022-12-13T05:56:22","guid":{"rendered":"https:\/\/www.sunnysideofthedoc.com\/observatory\/"},"modified":"2026-02-04T12:37:25","modified_gmt":"2026-02-04T11:37:25","slug":"observatoire-des-projets","status":"publish","type":"page","link":"https:\/\/www.sunnysideofthedoc.com\/fr\/observatoire-des-projets\/","title":{"rendered":"Observatoire des projets"},"content":{"rendered":"<div id=\"pl-2863\"  class=\"panel-layout\" ><div id=\"pg-2863-0\"  class=\"panel-grid panel-has-style\" ><div class=\"call-for-project-section-2  pb-0 panel-row-style panel-row-style-for-2863-0\" ><div id=\"pgc-2863-0-0\"  class=\"panel-grid-cell\" ><div class=\"container panel-cell-style panel-cell-style-for-2863-0-0\" ><div id=\"panel-2863-0-0-0\" class=\"so-panel widget widget_siteorigin-panels-builder panel-first-child panel-last-child\" data-index=\"0\" ><div id=\"pl-w640a01a121006\"  class=\"panel-layout\" ><div id=\"pg-w640a01a121006-0\"  class=\"panel-grid panel-no-style\" ><div id=\"pgc-w640a01a121006-0-0\"  class=\"panel-grid-cell\" ><div class=\"panel-cell-style panel-cell-style-for-w640a01a121006-0-0\" ><div id=\"panel-w640a01a121006-0-0-0\" class=\"so-panel widget widget_sow-editor panel-first-child\" data-index=\"0\" ><div\n\t\t\t\n\t\t\tclass=\"so-widget-sow-editor so-widget-sow-editor-base\"\n\t\t\t\n\t\t>\n<div class=\"siteorigin-widget-tinymce textwidget\">\n\t<h2>nos<br \/>\nengagements<br \/>\n\u00e0 vos c\u00f4t\u00e9s<\/h2>\n<p><span style=\"font-weight: 400;\">Sunny Side of the Doc s'engage \u00e0 suivre et \u00e0 mettre en avant le d\u00e9veloppement de votre projet s\u00e9lectionn\u00e9 et\/ou laur\u00e9at, et ce m\u00eame apr\u00e8s l'\u00e9v\u00e9nement, sur la base d'un dialogue continu et r\u00e9ciproque.\u00a0<\/span><\/p>\n<\/div>\n<\/div><\/div><div id=\"panel-w640a01a121006-0-0-1\" class=\"so-panel widget widget_sow-editor panel-last-child\" data-index=\"1\" ><div class=\"list-style-check panel-widget-style panel-widget-style-for-w640a01a121006-0-0-1\" ><div\n\t\t\t\n\t\t\tclass=\"so-widget-sow-editor so-widget-sow-editor-base\"\n\t\t\t\n\t\t>\n<div class=\"siteorigin-widget-tinymce textwidget\">\n\t<p><span style=\"font-weight: 400;\">Dans cette mesure, notre \u00e9quipe vous inclura automatiquement dans le parcours de l'Observatoire des Projets et vous fournira un ensemble d'opportunit\u00e9s potentielles pour :<\/span><\/p>\n<p>&nbsp;<\/p>\n<\/div>\n<\/div><\/div><\/div><\/div><\/div><div id=\"pgc-w640a01a121006-0-1\"  class=\"panel-grid-cell\" ><div id=\"panel-w640a01a121006-0-1-0\" class=\"so-panel widget widget_sow-editor panel-first-child panel-last-child\" data-index=\"2\" ><div class=\"list-style-check-normal panel-widget-style panel-widget-style-for-w640a01a121006-0-1-0\" ><div\n\t\t\t\n\t\t\tclass=\"so-widget-sow-editor so-widget-sow-editor-base\"\n\t\t\t\n\t\t>\n<div class=\"siteorigin-widget-tinymce textwidget\">\n\t<ul>\n<li style=\"font-weight: 400;\" aria-level=\"1\"><span style=\"font-weight: 400;\">Partager des mises \u00e0 jour et des r\u00e9sultats concrets sur le d\u00e9veloppement de vos projets par le biais de sondages et d'appels directs ;<\/span><\/li>\n<li style=\"font-weight: 400;\" aria-level=\"1\"><span style=\"font-weight: 400;\">Mettre en avant votre participation au Sunny Side of the Doc\/PiXii Festival avec un logo officiel ;<\/span><\/li>\n<li style=\"font-weight: 400;\" aria-level=\"1\"><span style=\"font-weight: 400;\">Echanger des informations cruciales et bonnes pratiques en termes de coproduction et de distribution internationale par le biais d'interviews ou d'\u00e9tudes de cas sur notre Blog ;<\/span><\/li>\n<li style=\"font-weight: 400;\" aria-level=\"1\"><span style=\"font-weight: 400;\">Promouvoir les actualit\u00e9s et les communiqu\u00e9s en lien avec votre projet aupr\u00e8s de notre r\u00e9seau international et sur nos r\u00e9seaux sociaux;<\/span><\/li>\n<li style=\"font-weight: 400;\" aria-level=\"1\"><span style=\"font-weight: 400;\">Pr\u00e9senter votre \u0153uvre finie \u00e0 la communaut\u00e9 internationale du documentaire pr\u00e9sente \u00e0 Sunny Side of the Doc.<\/span><\/li>\n<\/ul>\n<\/div>\n<\/div><\/div><\/div><\/div><\/div><\/div><\/div><\/div><\/div><\/div><\/div><div id=\"pg-2863-1\"  class=\"panel-grid panel-has-style\" ><div class=\"full-image panel-row-style panel-row-style-for-2863-1\" ><div id=\"pgc-2863-1-0\"  class=\"panel-grid-cell\" ><div id=\"panel-2863-1-0-0\" class=\"so-panel widget widget_sow-image panel-first-child panel-last-child\" data-index=\"1\" ><div\n\t\t\t\n\t\t\tclass=\"so-widget-sow-image so-widget-sow-image-default-6ec9e3772f75-2863\"\n\t\t\t\n\t\t>\n<div class=\"sow-image-container\">\n\t\t\t<a href=\"https:\/\/www.sunnysideofthedoc.com\/wp-content\/uploads\/2023\/03\/observatoire.png\"\n\t\t\t\t\t>\n\t\t\t<img \n\tsrc=\"https:\/\/www.sunnysideofthedoc.com\/wp-content\/uploads\/2023\/03\/observatoire.png\" width=\"1845\" height=\"1209\" srcset=\"https:\/\/www.sunnysideofthedoc.com\/wp-content\/uploads\/2023\/03\/observatoire.png 1845w, https:\/\/www.sunnysideofthedoc.com\/wp-content\/uploads\/2023\/03\/observatoire-300x197.png 300w, https:\/\/www.sunnysideofthedoc.com\/wp-content\/uploads\/2023\/03\/observatoire-1024x671.png 1024w, https:\/\/www.sunnysideofthedoc.com\/wp-content\/uploads\/2023\/03\/observatoire-768x503.png 768w, https:\/\/www.sunnysideofthedoc.com\/wp-content\/uploads\/2023\/03\/observatoire-1536x1007.png 1536w, https:\/\/www.sunnysideofthedoc.com\/wp-content\/uploads\/2023\/03\/observatoire-436x286.png 436w, https:\/\/www.sunnysideofthedoc.com\/wp-content\/uploads\/2023\/03\/observatoire-824x540.png 824w\" sizes=\"(max-width: 1845px) 100vw, 1845px\" alt=\"\" \t\tclass=\"so-widget-image\"\/>\n\t\t\t<\/a><\/div>\n\n<\/div><\/div><\/div><\/div><\/div><\/div>","protected":false},"excerpt":{"rendered":"<p>nos engagements \u00e0 vos c\u00f4t\u00e9s Sunny Side of the Doc s&rsquo;engage \u00e0 suivre et \u00e0 mettre en avant le d\u00e9veloppement de votre projet s\u00e9lectionn\u00e9 et\/ou laur\u00e9at, et ce m\u00eame apr\u00e8s l&rsquo;\u00e9v\u00e9nement, sur la base d&rsquo;un dialogue continu et r\u00e9ciproque.\u00a0 Dans cette mesure, notre \u00e9quipe vous inclura automatiquement dans le parcours de l&rsquo;Observatoire des Projets et [&hellip;]<\/p>\n","protected":false},"author":12,"featured_media":0,"parent":0,"menu_order":0,"comment_status":"closed","ping_status":"closed","template":"templates\/observatory.php","meta":{"_acf_changed":false,"inline_featured_image":false,"footnotes":""},"class_list":["post-2863","page","type-page","status-publish","hentry"],"acf":[],"yoast_head":"<!-- This site is optimized with the Yoast SEO plugin v27.1.1 - https:\/\/yoast.com\/product\/yoast-seo-wordpress\/ -->\n<title>Observatoire des projets - Sunny Side of the Doc<\/title>\n<meta name=\"description\" content=\"Le march\u00e9 international du documentaire et des exp\u00e9riences narratives s\u2019apparente \u00e0 un voyage, qui ne fait souvent que commencer par une s\u00e9lection officielle au pitch ou au PiXii Festival.\" \/>\n<meta name=\"robots\" content=\"index, follow, max-snippet:-1, max-image-preview:large, max-video-preview:-1\" \/>\n<link rel=\"canonical\" href=\"https:\/\/www.sunnysideofthedoc.com\/fr\/observatoire-des-projets\/\" \/>\n<meta property=\"og:locale\" content=\"fr_FR\" \/>\n<meta property=\"og:type\" content=\"article\" \/>\n<meta property=\"og:title\" content=\"Observatoire des projets - Sunny Side of the Doc\" \/>\n<meta property=\"og:description\" content=\"Le march\u00e9 international du documentaire et des exp\u00e9riences narratives s\u2019apparente \u00e0 un voyage, qui ne fait souvent que commencer par une s\u00e9lection officielle au pitch ou au PiXii Festival.\" \/>\n<meta property=\"og:url\" content=\"https:\/\/www.sunnysideofthedoc.com\/fr\/observatoire-des-projets\/\" \/>\n<meta property=\"og:site_name\" content=\"Sunny Side of the Doc\" \/>\n<meta property=\"article:publisher\" content=\"https:\/\/www.facebook.com\/sunnysideofthedoc\/\" \/>\n<meta property=\"article:modified_time\" content=\"2026-02-04T11:37:25+00:00\" \/>\n<script type=\"application\/ld+json\" class=\"yoast-schema-graph\">{\"@context\":\"https:\/\/schema.org\",\"@graph\":[{\"@type\":\"WebPage\",\"@id\":\"https:\/\/www.sunnysideofthedoc.com\/fr\/observatoire-des-projets\/\",\"url\":\"https:\/\/www.sunnysideofthedoc.com\/fr\/observatoire-des-projets\/\",\"name\":\"Observatoire des projets - Sunny Side of the Doc\",\"isPartOf\":{\"@id\":\"https:\/\/www.sunnysideofthedoc.com\/#website\"},\"datePublished\":\"2022-12-13T05:56:22+00:00\",\"dateModified\":\"2026-02-04T11:37:25+00:00\",\"description\":\"Le march\u00e9 international du documentaire et des exp\u00e9riences narratives s\u2019apparente \u00e0 un voyage, qui ne fait souvent que commencer par une s\u00e9lection officielle au pitch ou au PiXii Festival.\",\"breadcrumb\":{\"@id\":\"https:\/\/www.sunnysideofthedoc.com\/fr\/observatoire-des-projets\/#breadcrumb\"},\"inLanguage\":\"fr-FR\",\"potentialAction\":[{\"@type\":\"ReadAction\",\"target\":[\"https:\/\/www.sunnysideofthedoc.com\/fr\/observatoire-des-projets\/\"]}]},{\"@type\":\"BreadcrumbList\",\"@id\":\"https:\/\/www.sunnysideofthedoc.com\/fr\/observatoire-des-projets\/#breadcrumb\",\"itemListElement\":[{\"@type\":\"ListItem\",\"position\":1,\"name\":\"Home\",\"item\":\"https:\/\/www.sunnysideofthedoc.com\/fr\/\"},{\"@type\":\"ListItem\",\"position\":2,\"name\":\"Observatoire des projets\"}]},{\"@type\":\"WebSite\",\"@id\":\"https:\/\/www.sunnysideofthedoc.com\/#website\",\"url\":\"https:\/\/www.sunnysideofthedoc.com\/\",\"name\":\"Sunny Side of the Doc\",\"description\":\"\",\"publisher\":{\"@id\":\"https:\/\/www.sunnysideofthedoc.com\/#organization\"},\"potentialAction\":[{\"@type\":\"SearchAction\",\"target\":{\"@type\":\"EntryPoint\",\"urlTemplate\":\"https:\/\/www.sunnysideofthedoc.com\/?s={search_term_string}\"},\"query-input\":{\"@type\":\"PropertyValueSpecification\",\"valueRequired\":true,\"valueName\":\"search_term_string\"}}],\"inLanguage\":\"fr-FR\"},{\"@type\":\"Organization\",\"@id\":\"https:\/\/www.sunnysideofthedoc.com\/#organization\",\"name\":\"Sunny Side of the Doc\",\"url\":\"https:\/\/www.sunnysideofthedoc.com\/\",\"logo\":{\"@type\":\"ImageObject\",\"inLanguage\":\"fr-FR\",\"@id\":\"https:\/\/www.sunnysideofthedoc.com\/#\/schema\/logo\/image\/\",\"url\":\"https:\/\/www.sunnysideofthedoc.com\/wp-content\/uploads\/2026\/03\/cropped-logo-vertical-blanc.png\",\"contentUrl\":\"https:\/\/www.sunnysideofthedoc.com\/wp-content\/uploads\/2026\/03\/cropped-logo-vertical-blanc.png\",\"width\":1080,\"height\":1080,\"caption\":\"Sunny Side of the Doc\"},\"image\":{\"@id\":\"https:\/\/www.sunnysideofthedoc.com\/#\/schema\/logo\/image\/\"},\"sameAs\":[\"https:\/\/www.facebook.com\/sunnysideofthedoc\/\",\"https:\/\/x.com\/SunnySideDoc\",\"https:\/\/www.instagram.com\/sunnysidedoc\/\",\"https:\/\/www.linkedin.com\/company\/sunnysideofthedoc\/\"]}]}<\/script>\n<!-- \/ Yoast SEO plugin. -->","yoast_head_json":{"title":"Observatoire des projets - Sunny Side of the Doc","description":"Le march\u00e9 international du documentaire et des exp\u00e9riences narratives s\u2019apparente \u00e0 un voyage, qui ne fait souvent que commencer par une s\u00e9lection officielle au pitch ou au PiXii Festival.","robots":{"index":"index","follow":"follow","max-snippet":"max-snippet:-1","max-image-preview":"max-image-preview:large","max-video-preview":"max-video-preview:-1"},"canonical":"https:\/\/www.sunnysideofthedoc.com\/fr\/observatoire-des-projets\/","og_locale":"fr_FR","og_type":"article","og_title":"Observatoire des projets - Sunny Side of the Doc","og_description":"Le march\u00e9 international du documentaire et des exp\u00e9riences narratives s\u2019apparente \u00e0 un voyage, qui ne fait souvent que commencer par une s\u00e9lection officielle au pitch ou au PiXii Festival.","og_url":"https:\/\/www.sunnysideofthedoc.com\/fr\/observatoire-des-projets\/","og_site_name":"Sunny Side of the Doc","article_publisher":"https:\/\/www.facebook.com\/sunnysideofthedoc\/","article_modified_time":"2026-02-04T11:37:25+00:00","schema":{"@context":"https:\/\/schema.org","@graph":[{"@type":"WebPage","@id":"https:\/\/www.sunnysideofthedoc.com\/fr\/observatoire-des-projets\/","url":"https:\/\/www.sunnysideofthedoc.com\/fr\/observatoire-des-projets\/","name":"Observatoire des projets - Sunny Side of the Doc","isPartOf":{"@id":"https:\/\/www.sunnysideofthedoc.com\/#website"},"datePublished":"2022-12-13T05:56:22+00:00","dateModified":"2026-02-04T11:37:25+00:00","description":"Le march\u00e9 international du documentaire et des exp\u00e9riences narratives s\u2019apparente \u00e0 un voyage, qui ne fait souvent que commencer par une s\u00e9lection officielle au pitch ou au PiXii Festival.","breadcrumb":{"@id":"https:\/\/www.sunnysideofthedoc.com\/fr\/observatoire-des-projets\/#breadcrumb"},"inLanguage":"fr-FR","potentialAction":[{"@type":"ReadAction","target":["https:\/\/www.sunnysideofthedoc.com\/fr\/observatoire-des-projets\/"]}]},{"@type":"BreadcrumbList","@id":"https:\/\/www.sunnysideofthedoc.com\/fr\/observatoire-des-projets\/#breadcrumb","itemListElement":[{"@type":"ListItem","position":1,"name":"Home","item":"https:\/\/www.sunnysideofthedoc.com\/fr\/"},{"@type":"ListItem","position":2,"name":"Observatoire des projets"}]},{"@type":"WebSite","@id":"https:\/\/www.sunnysideofthedoc.com\/#website","url":"https:\/\/www.sunnysideofthedoc.com\/","name":"Sunny Side of the Doc","description":"","publisher":{"@id":"https:\/\/www.sunnysideofthedoc.com\/#organization"},"potentialAction":[{"@type":"SearchAction","target":{"@type":"EntryPoint","urlTemplate":"https:\/\/www.sunnysideofthedoc.com\/?s={search_term_string}"},"query-input":{"@type":"PropertyValueSpecification","valueRequired":true,"valueName":"search_term_string"}}],"inLanguage":"fr-FR"},{"@type":"Organization","@id":"https:\/\/www.sunnysideofthedoc.com\/#organization","name":"Sunny Side of the Doc","url":"https:\/\/www.sunnysideofthedoc.com\/","logo":{"@type":"ImageObject","inLanguage":"fr-FR","@id":"https:\/\/www.sunnysideofthedoc.com\/#\/schema\/logo\/image\/","url":"https:\/\/www.sunnysideofthedoc.com\/wp-content\/uploads\/2026\/03\/cropped-logo-vertical-blanc.png","contentUrl":"https:\/\/www.sunnysideofthedoc.com\/wp-content\/uploads\/2026\/03\/cropped-logo-vertical-blanc.png","width":1080,"height":1080,"caption":"Sunny Side of the Doc"},"image":{"@id":"https:\/\/www.sunnysideofthedoc.com\/#\/schema\/logo\/image\/"},"sameAs":["https:\/\/www.facebook.com\/sunnysideofthedoc\/","https:\/\/x.com\/SunnySideDoc","https:\/\/www.instagram.com\/sunnysidedoc\/","https:\/\/www.linkedin.com\/company\/sunnysideofthedoc\/"]}]}},"_links":{"self":[{"href":"https:\/\/www.sunnysideofthedoc.com\/fr\/wp-json\/wp\/v2\/pages\/2863","targetHints":{"allow":["GET"]}}],"collection":[{"href":"https:\/\/www.sunnysideofthedoc.com\/fr\/wp-json\/wp\/v2\/pages"}],"about":[{"href":"https:\/\/www.sunnysideofthedoc.com\/fr\/wp-json\/wp\/v2\/types\/page"}],"author":[{"embeddable":true,"href":"https:\/\/www.sunnysideofthedoc.com\/fr\/wp-json\/wp\/v2\/users\/12"}],"replies":[{"embeddable":true,"href":"https:\/\/www.sunnysideofthedoc.com\/fr\/wp-json\/wp\/v2\/comments?post=2863"}],"version-history":[{"count":58,"href":"https:\/\/www.sunnysideofthedoc.com\/fr\/wp-json\/wp\/v2\/pages\/2863\/revisions"}],"predecessor-version":[{"id":12051,"href":"https:\/\/www.sunnysideofthedoc.com\/fr\/wp-json\/wp\/v2\/pages\/2863\/revisions\/12051"}],"wp:attachment":[{"href":"https:\/\/www.sunnysideofthedoc.com\/fr\/wp-json\/wp\/v2\/media?parent=2863"}],"curies":[{"name":"wp","href":"https:\/\/api.w.org\/{rel}","templated":true}]}}