{"id":2839,"date":"2022-12-14T13:00:18","date_gmt":"2022-12-14T12:00:18","guid":{"rendered":"https:\/\/www.sunnysideofthedoc.com\/industry-news-round-up\/"},"modified":"2023-03-03T14:57:24","modified_gmt":"2023-03-03T13:57:24","slug":"veille-sectorielle","status":"publish","type":"page","link":"https:\/\/www.sunnysideofthedoc.com\/fr\/veille-sectorielle\/","title":{"rendered":"Veille sectorielle"},"content":{"rendered":"<div id=\"pl-2839\"  class=\"panel-layout\" ><div id=\"pg-2839-0\"  class=\"panel-grid panel-has-style\" ><div class=\"industry-news-wrapper panel-row-style panel-row-style-for-2839-0\" ><div id=\"pgc-2839-0-0\"  class=\"panel-grid-cell\" ><div class=\"container panel-cell-style panel-cell-style-for-2839-0-0\" ><div id=\"panel-2839-0-0-0\" class=\"so-panel widget widget_siteorigin-panels-builder panel-first-child panel-last-child\" data-index=\"0\" ><div class=\"panel-widget-style panel-widget-style-for-2839-0-0-0\" ><div id=\"pl-w6401fcc4a5364\"  class=\"panel-layout\" ><div id=\"pg-w6401fcc4a5364-0\"  class=\"panel-grid panel-no-style\" ><div id=\"pgc-w6401fcc4a5364-0-0\"  class=\"panel-grid-cell\" ><div id=\"panel-w6401fcc4a5364-0-0-0\" class=\"so-panel widget widget_sow-image panel-first-child panel-last-child\" data-index=\"0\" ><div\n\t\t\t\n\t\t\tclass=\"so-widget-sow-image so-widget-sow-image-default-8b5b6f678277\"\n\t\t\t\n\t\t>\n<div class=\"sow-image-container\">\n\t\t\t<a href=\"https:\/\/documentarytelevision.com\/\"\n\t\t\ttarget=\"_blank\" rel=\"noopener noreferrer\" \t\t>\n\t\t\t<img \n\tsrc=\"https:\/\/www.sunnysideofthedoc.com\/wp-content\/uploads\/2023\/01\/imgpsh_fullsize_anim.png\" width=\"129\" height=\"63\" sizes=\"(max-width: 129px) 100vw, 129px\" alt=\"documentary business sunny side of the doc\" \t\tclass=\"so-widget-image\"\/>\n\t\t\t<\/a><\/div>\n\n<\/div><\/div><\/div><div id=\"pgc-w6401fcc4a5364-0-1\"  class=\"panel-grid-cell\" ><div id=\"panel-w6401fcc4a5364-0-1-0\" class=\"so-panel widget widget_sow-editor panel-first-child panel-last-child\" data-index=\"1\" ><div class=\"panel-widget-style panel-widget-style-for-w6401fcc4a5364-0-1-0\" ><div\n\t\t\t\n\t\t\tclass=\"so-widget-sow-editor so-widget-sow-editor-base\"\n\t\t\t\n\t\t>\n<div class=\"siteorigin-widget-tinymce textwidget\">\n\t<h5>industry news round-up carried out with the support of our media partner<\/h5>\n<p>documentary business<\/p>\n<\/div>\n<\/div><\/div><\/div><\/div><\/div><\/div><\/div><\/div><\/div><\/div><\/div><\/div><div id=\"pg-2839-1\"  class=\"panel-grid panel-has-style\" ><div class=\"contact-form-wrap pt-90 news-form-title panel-row-style panel-row-style-for-2839-1\" ><div id=\"pgc-2839-1-0\"  class=\"panel-grid-cell\" ><div class=\"container panel-cell-style panel-cell-style-for-2839-1-0\" ><div id=\"panel-2839-1-0-0\" class=\"so-panel widget widget_siteorigin-panels-builder panel-first-child panel-last-child\" data-index=\"1\" ><div id=\"pl-w6401fcc4a54e4\"  class=\"panel-layout\" ><div id=\"pg-w6401fcc4a54e4-0\"  class=\"panel-grid panel-has-style\" ><div class=\"contact-form-inner panel-row-style panel-row-style-for-w6401fcc4a54e4-0\" ><div id=\"pgc-w6401fcc4a54e4-0-0\"  class=\"panel-grid-cell\" ><div id=\"panel-w6401fcc4a54e4-0-0-0\" class=\"so-panel widget widget_sow-editor panel-first-child panel-last-child\" data-index=\"0\" ><div\n\t\t\t\n\t\t\tclass=\"so-widget-sow-editor so-widget-sow-editor-base\"\n\t\t\t\n\t\t>\n<div class=\"siteorigin-widget-tinymce textwidget\">\n\t<h2>sugg\u00e9rer un article<\/h2>\n<p><span style=\"font-weight: 400;\">Cette curation d'articles est r\u00e9alis\u00e9e par les \u00e9quipes de Sunny Side of the Doc. C'est un travail collectif et collaboratif, n'h\u00e9sitez pas \u00e0 y contribuer \u00e9galement, que ce soit r\u00e9guli\u00e8rement ou ponctuellement, gr\u00e2ce \u00e0 ce\u00a0 formulaire !\u00a0<\/span><\/p>\n<\/div>\n<\/div><\/div><\/div><div id=\"pgc-w6401fcc4a54e4-0-1\"  class=\"panel-grid-cell\" ><div id=\"panel-w6401fcc4a54e4-0-1-0\" class=\"so-panel widget widget_sow-editor panel-first-child panel-last-child\" data-index=\"1\" ><div\n\t\t\t\n\t\t\tclass=\"so-widget-sow-editor so-widget-sow-editor-base\"\n\t\t\t\n\t\t>\n<div class=\"siteorigin-widget-tinymce textwidget\">\n\t\n<div class=\"wpcf7 no-js\" id=\"wpcf7-f2851-o1\" lang=\"fr-FR\" dir=\"ltr\" data-wpcf7-id=\"2851\">\n<div class=\"screen-reader-response\"><p role=\"status\" aria-live=\"polite\" aria-atomic=\"true\"><\/p> <ul><\/ul><\/div>\n<form action=\"\/fr\/wp-json\/wp\/v2\/pages\/2839#wpcf7-f2851-o1\" method=\"post\" class=\"wpcf7-form init fd54a2afece7 cmatic-conn cmatic-aud-9 cmatic-mapd0-0 cmatic-v0976 cmatic-sent-0 cmatic-total-659\" aria-label=\"Formulaire de contact\" novalidate=\"novalidate\" data-status=\"init\">\n<fieldset class=\"hidden-fields-container\"><input type=\"hidden\" name=\"_wpcf7\" value=\"2851\" \/><input type=\"hidden\" name=\"_wpcf7_version\" value=\"6.1.5\" \/><input type=\"hidden\" name=\"_wpcf7_locale\" value=\"fr_FR\" \/><input type=\"hidden\" name=\"_wpcf7_unit_tag\" value=\"wpcf7-f2851-o1\" \/><input type=\"hidden\" name=\"_wpcf7_container_post\" value=\"0\" \/><input type=\"hidden\" name=\"_wpcf7_posted_data_hash\" value=\"\" \/>\n<\/fieldset>\n<div class=\"form-wrapper\">\n\t<div class=\"form-item first-name\">\n\t\t<div class=\"form-item-inner\">\n\t\t\t<p><span class=\"wpcf7-form-control-wrap\" data-name=\"fname\"><input size=\"40\" maxlength=\"400\" class=\"wpcf7-form-control wpcf7-text wpcf7-validates-as-required\" aria-required=\"true\" aria-invalid=\"false\" placeholder=\"Pr\u00e9nom*\" value=\"\" type=\"text\" name=\"fname\" \/><\/span>\n\t\t\t<\/p>\n\t\t<\/div>\n\t<\/div>\n\t<div class=\"form-item name\">\n\t\t<div class=\"form-item-inner\">\n\t\t\t<p><span class=\"wpcf7-form-control-wrap\" data-name=\"lname\"><input size=\"40\" maxlength=\"400\" class=\"wpcf7-form-control wpcf7-text wpcf7-validates-as-required\" aria-required=\"true\" aria-invalid=\"false\" placeholder=\"Nom de famille*\" value=\"\" type=\"text\" name=\"lname\" \/><\/span>\n\t\t\t<\/p>\n\t\t<\/div>\n\t<\/div>\n\t<div class=\"form-item email w-100\">\n\t\t<div class=\"form-item-inner\">\n\t\t\t<p><span class=\"wpcf7-form-control-wrap\" data-name=\"email\"><input size=\"40\" maxlength=\"400\" class=\"wpcf7-form-control wpcf7-email wpcf7-validates-as-required wpcf7-text wpcf7-validates-as-email\" aria-required=\"true\" aria-invalid=\"false\" placeholder=\"Adresse e-mail*\" value=\"\" type=\"email\" name=\"email\" \/><\/span>\n\t\t\t<\/p>\n\t\t<\/div>\n\t<\/div>\n\t<div class=\"form-item article-url w-100\">\n\t\t<div class=\"form-item-inner\">\n\t\t\t<p><span class=\"wpcf7-form-control-wrap\" data-name=\"article\"><input size=\"40\" maxlength=\"400\" class=\"wpcf7-form-control wpcf7-text wpcf7-validates-as-required\" aria-required=\"true\" aria-invalid=\"false\" placeholder=\"Lien de l&#039;article*\" value=\"\" type=\"text\" name=\"article\" \/><\/span>\n\t\t\t<\/p>\n\t\t<\/div>\n\t<\/div>\n\t<div class=\"form-item message\">\n\t\t<div class=\"form-item-inner\">\n\t\t\t<p><span class=\"wpcf7-form-control-wrap\" data-name=\"message\"><textarea cols=\"40\" rows=\"10\" maxlength=\"2000\" class=\"wpcf7-form-control wpcf7-textarea\" aria-invalid=\"false\" placeholder=\"Message\" name=\"message\"><\/textarea><\/span>\n\t\t\t<\/p>\n\t\t<\/div>\n\t<\/div>\n\t<div class=\"form-item submit\">\n\t\t<div class=\"form-item-inner\">\n\t\t\t<p><span id=\"wpcf7-69e83d43c9b65-wrapper\" class=\"wpcf7-form-control-wrap honeypot-973-wrap\" style=\"display:none !important; visibility:hidden !important;\"><input id=\"wpcf7-69e83d43c9b65-field\"  class=\"wpcf7-form-control wpcf7-text\" type=\"text\" name=\"honeypot-973\" value=\"\" size=\"40\" tabindex=\"-1\" autocomplete=\"new-password\" \/><\/span><br \/>\n<input class=\"wpcf7-form-control wpcf7-submit has-spinner\" type=\"submit\" value=\"Envoyer\" \/>\n\t\t\t<\/p>\n\t\t<\/div>\n\t<\/div>\n<\/div><input type='hidden' class='wpcf7-pum' value='{\"closepopup\":false,\"closedelay\":0,\"openpopup\":false,\"openpopup_id\":0}' \/><div class=\"wpcf7-response-output\" aria-hidden=\"true\"><\/div>\n<\/form>\n<\/div>\n\n<\/div>\n<\/div><\/div><\/div><\/div><\/div><\/div><\/div><\/div><\/div><\/div><\/div><\/div>","protected":false},"excerpt":{"rendered":"<p>industry news round-up carried out with the support of our media partner documentary business sugg\u00e9rer un article Cette curation d&rsquo;articles est r\u00e9alis\u00e9e par les \u00e9quipes de Sunny Side of the Doc. C&rsquo;est un travail collectif et collaboratif, n&rsquo;h\u00e9sitez pas \u00e0 y contribuer \u00e9galement, que ce soit r\u00e9guli\u00e8rement ou ponctuellement, gr\u00e2ce \u00e0 ce\u00a0 formulaire !\u00a0<\/p>\n","protected":false},"author":12,"featured_media":0,"parent":0,"menu_order":0,"comment_status":"closed","ping_status":"closed","template":"templates\/sector_watch.php","meta":{"_acf_changed":false,"inline_featured_image":false,"footnotes":""},"class_list":["post-2839","page","type-page","status-publish","hentry"],"acf":[],"yoast_head":"<!-- This site is optimized with the Yoast SEO plugin v27.1.1 - https:\/\/yoast.com\/product\/yoast-seo-wordpress\/ -->\n<title>Veille sectorielle - Sunny Side of the Doc<\/title>\n<meta name=\"description\" content=\"Pour ne manquer aucune info de la sph\u00e8re documentaire, d\u00e9couvrez notre s\u00e9lection d&#039;articles issus de la presse audiovisuelle internationale susceptibles de vous int\u00e9resser.\" \/>\n<meta name=\"robots\" content=\"index, follow, max-snippet:-1, max-image-preview:large, max-video-preview:-1\" \/>\n<link rel=\"canonical\" href=\"https:\/\/www.sunnysideofthedoc.com\/veille-sectorielle\/?lang=fr\" \/>\n<meta property=\"og:locale\" content=\"fr_FR\" \/>\n<meta property=\"og:type\" content=\"article\" \/>\n<meta property=\"og:title\" content=\"Veille sectorielle - Sunny Side of the Doc\" \/>\n<meta property=\"og:description\" content=\"Pour ne manquer aucune info de la sph\u00e8re documentaire, d\u00e9couvrez notre s\u00e9lection d&#039;articles issus de la presse audiovisuelle internationale susceptibles de vous int\u00e9resser.\" \/>\n<meta property=\"og:url\" content=\"https:\/\/www.sunnysideofthedoc.com\/veille-sectorielle\/?lang=fr\" \/>\n<meta property=\"og:site_name\" content=\"Sunny Side of the Doc\" \/>\n<meta property=\"article:publisher\" content=\"https:\/\/www.facebook.com\/sunnysideofthedoc\/\" \/>\n<meta property=\"article:modified_time\" content=\"2023-03-03T13:57:24+00:00\" \/>\n<script type=\"application\/ld+json\" class=\"yoast-schema-graph\">{\"@context\":\"https:\/\/schema.org\",\"@graph\":[{\"@type\":\"WebPage\",\"@id\":\"https:\/\/www.sunnysideofthedoc.com\/veille-sectorielle\/?lang=fr\",\"url\":\"https:\/\/www.sunnysideofthedoc.com\/veille-sectorielle\/?lang=fr\",\"name\":\"Veille sectorielle - Sunny Side of the Doc\",\"isPartOf\":{\"@id\":\"https:\/\/www.sunnysideofthedoc.com\/#website\"},\"datePublished\":\"2022-12-14T12:00:18+00:00\",\"dateModified\":\"2023-03-03T13:57:24+00:00\",\"description\":\"Pour ne manquer aucune info de la sph\u00e8re documentaire, d\u00e9couvrez notre s\u00e9lection d'articles issus de la presse audiovisuelle internationale susceptibles de vous int\u00e9resser.\",\"breadcrumb\":{\"@id\":\"https:\/\/www.sunnysideofthedoc.com\/veille-sectorielle\/?lang=fr#breadcrumb\"},\"inLanguage\":\"fr-FR\",\"potentialAction\":[{\"@type\":\"ReadAction\",\"target\":[\"https:\/\/www.sunnysideofthedoc.com\/veille-sectorielle\/?lang=fr\"]}]},{\"@type\":\"BreadcrumbList\",\"@id\":\"https:\/\/www.sunnysideofthedoc.com\/veille-sectorielle\/?lang=fr#breadcrumb\",\"itemListElement\":[{\"@type\":\"ListItem\",\"position\":1,\"name\":\"Home\",\"item\":\"https:\/\/www.sunnysideofthedoc.com\/fr\/\"},{\"@type\":\"ListItem\",\"position\":2,\"name\":\"Veille sectorielle\"}]},{\"@type\":\"WebSite\",\"@id\":\"https:\/\/www.sunnysideofthedoc.com\/#website\",\"url\":\"https:\/\/www.sunnysideofthedoc.com\/\",\"name\":\"Sunny Side of the Doc\",\"description\":\"\",\"publisher\":{\"@id\":\"https:\/\/www.sunnysideofthedoc.com\/#organization\"},\"potentialAction\":[{\"@type\":\"SearchAction\",\"target\":{\"@type\":\"EntryPoint\",\"urlTemplate\":\"https:\/\/www.sunnysideofthedoc.com\/?s={search_term_string}\"},\"query-input\":{\"@type\":\"PropertyValueSpecification\",\"valueRequired\":true,\"valueName\":\"search_term_string\"}}],\"inLanguage\":\"fr-FR\"},{\"@type\":\"Organization\",\"@id\":\"https:\/\/www.sunnysideofthedoc.com\/#organization\",\"name\":\"Sunny Side of the Doc\",\"url\":\"https:\/\/www.sunnysideofthedoc.com\/\",\"logo\":{\"@type\":\"ImageObject\",\"inLanguage\":\"fr-FR\",\"@id\":\"https:\/\/www.sunnysideofthedoc.com\/#\/schema\/logo\/image\/\",\"url\":\"https:\/\/www.sunnysideofthedoc.com\/wp-content\/uploads\/2026\/03\/cropped-logo-vertical-blanc.png\",\"contentUrl\":\"https:\/\/www.sunnysideofthedoc.com\/wp-content\/uploads\/2026\/03\/cropped-logo-vertical-blanc.png\",\"width\":1080,\"height\":1080,\"caption\":\"Sunny Side of the Doc\"},\"image\":{\"@id\":\"https:\/\/www.sunnysideofthedoc.com\/#\/schema\/logo\/image\/\"},\"sameAs\":[\"https:\/\/www.facebook.com\/sunnysideofthedoc\/\",\"https:\/\/x.com\/SunnySideDoc\",\"https:\/\/www.instagram.com\/sunnysidedoc\/\",\"https:\/\/www.linkedin.com\/company\/sunnysideofthedoc\/\"]}]}<\/script>\n<!-- \/ Yoast SEO plugin. -->","yoast_head_json":{"title":"Veille sectorielle - Sunny Side of the Doc","description":"Pour ne manquer aucune info de la sph\u00e8re documentaire, d\u00e9couvrez notre s\u00e9lection d'articles issus de la presse audiovisuelle internationale susceptibles de vous int\u00e9resser.","robots":{"index":"index","follow":"follow","max-snippet":"max-snippet:-1","max-image-preview":"max-image-preview:large","max-video-preview":"max-video-preview:-1"},"canonical":"https:\/\/www.sunnysideofthedoc.com\/veille-sectorielle\/?lang=fr","og_locale":"fr_FR","og_type":"article","og_title":"Veille sectorielle - Sunny Side of the Doc","og_description":"Pour ne manquer aucune info de la sph\u00e8re documentaire, d\u00e9couvrez notre s\u00e9lection d'articles issus de la presse audiovisuelle internationale susceptibles de vous int\u00e9resser.","og_url":"https:\/\/www.sunnysideofthedoc.com\/veille-sectorielle\/?lang=fr","og_site_name":"Sunny Side of the Doc","article_publisher":"https:\/\/www.facebook.com\/sunnysideofthedoc\/","article_modified_time":"2023-03-03T13:57:24+00:00","schema":{"@context":"https:\/\/schema.org","@graph":[{"@type":"WebPage","@id":"https:\/\/www.sunnysideofthedoc.com\/veille-sectorielle\/?lang=fr","url":"https:\/\/www.sunnysideofthedoc.com\/veille-sectorielle\/?lang=fr","name":"Veille sectorielle - Sunny Side of the Doc","isPartOf":{"@id":"https:\/\/www.sunnysideofthedoc.com\/#website"},"datePublished":"2022-12-14T12:00:18+00:00","dateModified":"2023-03-03T13:57:24+00:00","description":"Pour ne manquer aucune info de la sph\u00e8re documentaire, d\u00e9couvrez notre s\u00e9lection d'articles issus de la presse audiovisuelle internationale susceptibles de vous int\u00e9resser.","breadcrumb":{"@id":"https:\/\/www.sunnysideofthedoc.com\/veille-sectorielle\/?lang=fr#breadcrumb"},"inLanguage":"fr-FR","potentialAction":[{"@type":"ReadAction","target":["https:\/\/www.sunnysideofthedoc.com\/veille-sectorielle\/?lang=fr"]}]},{"@type":"BreadcrumbList","@id":"https:\/\/www.sunnysideofthedoc.com\/veille-sectorielle\/?lang=fr#breadcrumb","itemListElement":[{"@type":"ListItem","position":1,"name":"Home","item":"https:\/\/www.sunnysideofthedoc.com\/fr\/"},{"@type":"ListItem","position":2,"name":"Veille sectorielle"}]},{"@type":"WebSite","@id":"https:\/\/www.sunnysideofthedoc.com\/#website","url":"https:\/\/www.sunnysideofthedoc.com\/","name":"Sunny Side of the Doc","description":"","publisher":{"@id":"https:\/\/www.sunnysideofthedoc.com\/#organization"},"potentialAction":[{"@type":"SearchAction","target":{"@type":"EntryPoint","urlTemplate":"https:\/\/www.sunnysideofthedoc.com\/?s={search_term_string}"},"query-input":{"@type":"PropertyValueSpecification","valueRequired":true,"valueName":"search_term_string"}}],"inLanguage":"fr-FR"},{"@type":"Organization","@id":"https:\/\/www.sunnysideofthedoc.com\/#organization","name":"Sunny Side of the Doc","url":"https:\/\/www.sunnysideofthedoc.com\/","logo":{"@type":"ImageObject","inLanguage":"fr-FR","@id":"https:\/\/www.sunnysideofthedoc.com\/#\/schema\/logo\/image\/","url":"https:\/\/www.sunnysideofthedoc.com\/wp-content\/uploads\/2026\/03\/cropped-logo-vertical-blanc.png","contentUrl":"https:\/\/www.sunnysideofthedoc.com\/wp-content\/uploads\/2026\/03\/cropped-logo-vertical-blanc.png","width":1080,"height":1080,"caption":"Sunny Side of the Doc"},"image":{"@id":"https:\/\/www.sunnysideofthedoc.com\/#\/schema\/logo\/image\/"},"sameAs":["https:\/\/www.facebook.com\/sunnysideofthedoc\/","https:\/\/x.com\/SunnySideDoc","https:\/\/www.instagram.com\/sunnysidedoc\/","https:\/\/www.linkedin.com\/company\/sunnysideofthedoc\/"]}]}},"_links":{"self":[{"href":"https:\/\/www.sunnysideofthedoc.com\/fr\/wp-json\/wp\/v2\/pages\/2839","targetHints":{"allow":["GET"]}}],"collection":[{"href":"https:\/\/www.sunnysideofthedoc.com\/fr\/wp-json\/wp\/v2\/pages"}],"about":[{"href":"https:\/\/www.sunnysideofthedoc.com\/fr\/wp-json\/wp\/v2\/types\/page"}],"author":[{"embeddable":true,"href":"https:\/\/www.sunnysideofthedoc.com\/fr\/wp-json\/wp\/v2\/users\/12"}],"replies":[{"embeddable":true,"href":"https:\/\/www.sunnysideofthedoc.com\/fr\/wp-json\/wp\/v2\/comments?post=2839"}],"version-history":[{"count":11,"href":"https:\/\/www.sunnysideofthedoc.com\/fr\/wp-json\/wp\/v2\/pages\/2839\/revisions"}],"predecessor-version":[{"id":4314,"href":"https:\/\/www.sunnysideofthedoc.com\/fr\/wp-json\/wp\/v2\/pages\/2839\/revisions\/4314"}],"wp:attachment":[{"href":"https:\/\/www.sunnysideofthedoc.com\/fr\/wp-json\/wp\/v2\/media?parent=2839"}],"curies":[{"name":"wp","href":"https:\/\/api.w.org\/{rel}","templated":true}]}}