{"id":2817,"date":"2022-12-12T08:26:00","date_gmt":"2022-12-12T07:26:00","guid":{"rendered":"https:\/\/www.sunnysideofthedoc.com\/press-room\/"},"modified":"2026-03-23T18:00:07","modified_gmt":"2026-03-23T17:00:07","slug":"espace-presse","status":"publish","type":"page","link":"https:\/\/www.sunnysideofthedoc.com\/fr\/espace-presse\/","title":{"rendered":"Espace Presse"},"content":{"rendered":"","protected":false},"excerpt":{"rendered":"","protected":false},"author":12,"featured_media":0,"parent":0,"menu_order":0,"comment_status":"closed","ping_status":"closed","template":"templates\/press_room.php","meta":{"_acf_changed":false,"inline_featured_image":false,"footnotes":""},"class_list":["post-2817","page","type-page","status-publish","hentry"],"acf":[],"yoast_head":"<!-- This site is optimized with the Yoast SEO plugin v27.1.1 - https:\/\/yoast.com\/product\/yoast-seo-wordpress\/ -->\n<title>Espace Presse - Sunny Side of the Doc<\/title>\n<meta name=\"description\" content=\"Vous \u00eates journaliste et souhaitez couvrir nos \u00e9v\u00e9nements ? Demandez votre accr\u00e9ditation presse !\u00a0\" \/>\n<meta name=\"robots\" content=\"index, follow, max-snippet:-1, max-image-preview:large, max-video-preview:-1\" \/>\n<link rel=\"canonical\" href=\"https:\/\/www.sunnysideofthedoc.com\/fr\/espace-presse\/\" \/>\n<meta property=\"og:locale\" content=\"fr_FR\" \/>\n<meta property=\"og:type\" content=\"article\" \/>\n<meta property=\"og:title\" content=\"Espace Presse - Sunny Side of the Doc\" \/>\n<meta property=\"og:description\" content=\"Vous \u00eates journaliste et souhaitez couvrir nos \u00e9v\u00e9nements ? Demandez votre accr\u00e9ditation presse !\u00a0\" \/>\n<meta property=\"og:url\" content=\"https:\/\/www.sunnysideofthedoc.com\/fr\/espace-presse\/\" \/>\n<meta property=\"og:site_name\" content=\"Sunny Side of the Doc\" \/>\n<meta property=\"article:publisher\" content=\"https:\/\/www.facebook.com\/sunnysideofthedoc\/\" \/>\n<meta property=\"article:modified_time\" content=\"2026-03-23T17:00:07+00:00\" \/>\n<script type=\"application\/ld+json\" class=\"yoast-schema-graph\">{\"@context\":\"https:\/\/schema.org\",\"@graph\":[{\"@type\":\"WebPage\",\"@id\":\"https:\/\/www.sunnysideofthedoc.com\/fr\/espace-presse\/\",\"url\":\"https:\/\/www.sunnysideofthedoc.com\/fr\/espace-presse\/\",\"name\":\"Espace Presse - Sunny Side of the Doc\",\"isPartOf\":{\"@id\":\"https:\/\/www.sunnysideofthedoc.com\/#website\"},\"datePublished\":\"2022-12-12T07:26:00+00:00\",\"dateModified\":\"2026-03-23T17:00:07+00:00\",\"description\":\"Vous \u00eates journaliste et souhaitez couvrir nos \u00e9v\u00e9nements ? Demandez votre accr\u00e9ditation presse !\u00a0\",\"breadcrumb\":{\"@id\":\"https:\/\/www.sunnysideofthedoc.com\/fr\/espace-presse\/#breadcrumb\"},\"inLanguage\":\"fr-FR\",\"potentialAction\":[{\"@type\":\"ReadAction\",\"target\":[\"https:\/\/www.sunnysideofthedoc.com\/fr\/espace-presse\/\"]}]},{\"@type\":\"BreadcrumbList\",\"@id\":\"https:\/\/www.sunnysideofthedoc.com\/fr\/espace-presse\/#breadcrumb\",\"itemListElement\":[{\"@type\":\"ListItem\",\"position\":1,\"name\":\"Home\",\"item\":\"https:\/\/www.sunnysideofthedoc.com\/fr\/\"},{\"@type\":\"ListItem\",\"position\":2,\"name\":\"Espace Presse\"}]},{\"@type\":\"WebSite\",\"@id\":\"https:\/\/www.sunnysideofthedoc.com\/#website\",\"url\":\"https:\/\/www.sunnysideofthedoc.com\/\",\"name\":\"Sunny Side of the Doc\",\"description\":\"\",\"publisher\":{\"@id\":\"https:\/\/www.sunnysideofthedoc.com\/#organization\"},\"potentialAction\":[{\"@type\":\"SearchAction\",\"target\":{\"@type\":\"EntryPoint\",\"urlTemplate\":\"https:\/\/www.sunnysideofthedoc.com\/?s={search_term_string}\"},\"query-input\":{\"@type\":\"PropertyValueSpecification\",\"valueRequired\":true,\"valueName\":\"search_term_string\"}}],\"inLanguage\":\"fr-FR\"},{\"@type\":\"Organization\",\"@id\":\"https:\/\/www.sunnysideofthedoc.com\/#organization\",\"name\":\"Sunny Side of the Doc\",\"url\":\"https:\/\/www.sunnysideofthedoc.com\/\",\"logo\":{\"@type\":\"ImageObject\",\"inLanguage\":\"fr-FR\",\"@id\":\"https:\/\/www.sunnysideofthedoc.com\/#\/schema\/logo\/image\/\",\"url\":\"https:\/\/www.sunnysideofthedoc.com\/wp-content\/uploads\/2026\/03\/cropped-logo-vertical-blanc.png\",\"contentUrl\":\"https:\/\/www.sunnysideofthedoc.com\/wp-content\/uploads\/2026\/03\/cropped-logo-vertical-blanc.png\",\"width\":1080,\"height\":1080,\"caption\":\"Sunny Side of the Doc\"},\"image\":{\"@id\":\"https:\/\/www.sunnysideofthedoc.com\/#\/schema\/logo\/image\/\"},\"sameAs\":[\"https:\/\/www.facebook.com\/sunnysideofthedoc\/\",\"https:\/\/x.com\/SunnySideDoc\",\"https:\/\/www.instagram.com\/sunnysidedoc\/\",\"https:\/\/www.linkedin.com\/company\/sunnysideofthedoc\/\"]}]}<\/script>\n<!-- \/ Yoast SEO plugin. -->","yoast_head_json":{"title":"Espace Presse - Sunny Side of the Doc","description":"Vous \u00eates journaliste et souhaitez couvrir nos \u00e9v\u00e9nements ? Demandez votre accr\u00e9ditation presse !\u00a0","robots":{"index":"index","follow":"follow","max-snippet":"max-snippet:-1","max-image-preview":"max-image-preview:large","max-video-preview":"max-video-preview:-1"},"canonical":"https:\/\/www.sunnysideofthedoc.com\/fr\/espace-presse\/","og_locale":"fr_FR","og_type":"article","og_title":"Espace Presse - Sunny Side of the Doc","og_description":"Vous \u00eates journaliste et souhaitez couvrir nos \u00e9v\u00e9nements ? Demandez votre accr\u00e9ditation presse !\u00a0","og_url":"https:\/\/www.sunnysideofthedoc.com\/fr\/espace-presse\/","og_site_name":"Sunny Side of the Doc","article_publisher":"https:\/\/www.facebook.com\/sunnysideofthedoc\/","article_modified_time":"2026-03-23T17:00:07+00:00","schema":{"@context":"https:\/\/schema.org","@graph":[{"@type":"WebPage","@id":"https:\/\/www.sunnysideofthedoc.com\/fr\/espace-presse\/","url":"https:\/\/www.sunnysideofthedoc.com\/fr\/espace-presse\/","name":"Espace Presse - Sunny Side of the Doc","isPartOf":{"@id":"https:\/\/www.sunnysideofthedoc.com\/#website"},"datePublished":"2022-12-12T07:26:00+00:00","dateModified":"2026-03-23T17:00:07+00:00","description":"Vous \u00eates journaliste et souhaitez couvrir nos \u00e9v\u00e9nements ? Demandez votre accr\u00e9ditation presse !\u00a0","breadcrumb":{"@id":"https:\/\/www.sunnysideofthedoc.com\/fr\/espace-presse\/#breadcrumb"},"inLanguage":"fr-FR","potentialAction":[{"@type":"ReadAction","target":["https:\/\/www.sunnysideofthedoc.com\/fr\/espace-presse\/"]}]},{"@type":"BreadcrumbList","@id":"https:\/\/www.sunnysideofthedoc.com\/fr\/espace-presse\/#breadcrumb","itemListElement":[{"@type":"ListItem","position":1,"name":"Home","item":"https:\/\/www.sunnysideofthedoc.com\/fr\/"},{"@type":"ListItem","position":2,"name":"Espace Presse"}]},{"@type":"WebSite","@id":"https:\/\/www.sunnysideofthedoc.com\/#website","url":"https:\/\/www.sunnysideofthedoc.com\/","name":"Sunny Side of the Doc","description":"","publisher":{"@id":"https:\/\/www.sunnysideofthedoc.com\/#organization"},"potentialAction":[{"@type":"SearchAction","target":{"@type":"EntryPoint","urlTemplate":"https:\/\/www.sunnysideofthedoc.com\/?s={search_term_string}"},"query-input":{"@type":"PropertyValueSpecification","valueRequired":true,"valueName":"search_term_string"}}],"inLanguage":"fr-FR"},{"@type":"Organization","@id":"https:\/\/www.sunnysideofthedoc.com\/#organization","name":"Sunny Side of the Doc","url":"https:\/\/www.sunnysideofthedoc.com\/","logo":{"@type":"ImageObject","inLanguage":"fr-FR","@id":"https:\/\/www.sunnysideofthedoc.com\/#\/schema\/logo\/image\/","url":"https:\/\/www.sunnysideofthedoc.com\/wp-content\/uploads\/2026\/03\/cropped-logo-vertical-blanc.png","contentUrl":"https:\/\/www.sunnysideofthedoc.com\/wp-content\/uploads\/2026\/03\/cropped-logo-vertical-blanc.png","width":1080,"height":1080,"caption":"Sunny Side of the Doc"},"image":{"@id":"https:\/\/www.sunnysideofthedoc.com\/#\/schema\/logo\/image\/"},"sameAs":["https:\/\/www.facebook.com\/sunnysideofthedoc\/","https:\/\/x.com\/SunnySideDoc","https:\/\/www.instagram.com\/sunnysidedoc\/","https:\/\/www.linkedin.com\/company\/sunnysideofthedoc\/"]}]}},"_links":{"self":[{"href":"https:\/\/www.sunnysideofthedoc.com\/fr\/wp-json\/wp\/v2\/pages\/2817","targetHints":{"allow":["GET"]}}],"collection":[{"href":"https:\/\/www.sunnysideofthedoc.com\/fr\/wp-json\/wp\/v2\/pages"}],"about":[{"href":"https:\/\/www.sunnysideofthedoc.com\/fr\/wp-json\/wp\/v2\/types\/page"}],"author":[{"embeddable":true,"href":"https:\/\/www.sunnysideofthedoc.com\/fr\/wp-json\/wp\/v2\/users\/12"}],"replies":[{"embeddable":true,"href":"https:\/\/www.sunnysideofthedoc.com\/fr\/wp-json\/wp\/v2\/comments?post=2817"}],"version-history":[{"count":29,"href":"https:\/\/www.sunnysideofthedoc.com\/fr\/wp-json\/wp\/v2\/pages\/2817\/revisions"}],"predecessor-version":[{"id":12485,"href":"https:\/\/www.sunnysideofthedoc.com\/fr\/wp-json\/wp\/v2\/pages\/2817\/revisions\/12485"}],"wp:attachment":[{"href":"https:\/\/www.sunnysideofthedoc.com\/fr\/wp-json\/wp\/v2\/media?parent=2817"}],"curies":[{"name":"wp","href":"https:\/\/api.w.org\/{rel}","templated":true}]}}