{"id":2790,"date":"2022-12-13T04:51:16","date_gmt":"2022-12-13T03:51:16","guid":{"rendered":"https:\/\/www.sunnysideofthedoc.com\/contact-us\/"},"modified":"2026-03-05T15:00:21","modified_gmt":"2026-03-05T14:00:21","slug":"contactez-nous","status":"publish","type":"page","link":"https:\/\/www.sunnysideofthedoc.com\/fr\/contactez-nous\/","title":{"rendered":"Contact"},"content":{"rendered":"<div id=\"pl-2790\"  class=\"panel-layout\" ><div id=\"pg-2790-0\"  class=\"panel-grid panel-has-style\" ><div class=\"contact-form-wrap panel-row-style panel-row-style-for-2790-0\" ><div id=\"pgc-2790-0-0\"  class=\"panel-grid-cell\" ><div class=\"container panel-cell-style panel-cell-style-for-2790-0-0\" ><div id=\"panel-2790-0-0-0\" class=\"so-panel widget widget_siteorigin-panels-builder panel-first-child panel-last-child\" data-index=\"0\" ><div id=\"pl-w69a94f760ac94\"  class=\"panel-layout\" ><div id=\"pg-w69a94f760ac94-0\"  class=\"panel-grid panel-has-style\" ><div class=\"contact-form-inner panel-row-style panel-row-style-for-w69a94f760ac94-0\" ><div id=\"pgc-w69a94f760ac94-0-0\"  class=\"panel-grid-cell\" ><div id=\"panel-w69a94f760ac94-0-0-0\" class=\"so-panel widget widget_siteorigin-panels-builder panel-first-child\" data-index=\"0\" ><div class=\"contact-icon panel-widget-style panel-widget-style-for-w69a94f760ac94-0-0-0\" ><div id=\"pl-w69a94f760aca4\"  class=\"panel-layout\" ><div id=\"pg-w69a94f760aca4-0\"  class=\"panel-grid panel-no-style\" ><div id=\"pgc-w69a94f760aca4-0-0\"  class=\"panel-grid-cell\" ><div id=\"panel-w69a94f760aca4-0-0-0\" class=\"so-panel widget widget_sow-editor panel-first-child\" data-index=\"0\" ><div\n\t\t\t\n\t\t\tclass=\"so-widget-sow-editor so-widget-sow-editor-base\"\n\t\t\t\n\t\t>\n<div class=\"siteorigin-widget-tinymce textwidget\">\n\t<p><a href=\"tel:+33546557979\">+33 5 46 55 79 79<\/a><\/p>\n<\/div>\n<\/div><\/div><div id=\"panel-w69a94f760aca4-0-0-1\" class=\"so-panel widget widget_sow-editor\" data-index=\"1\" ><div\n\t\t\t\n\t\t\tclass=\"so-widget-sow-editor so-widget-sow-editor-base\"\n\t\t\t\n\t\t>\n<div class=\"siteorigin-widget-tinymce textwidget\">\n\t<p><a href=\"mailto:info@sunnysideofthedoc.com\">info@sunnysideofthedoc.com<\/a><\/p>\n<\/div>\n<\/div><\/div><div id=\"panel-w69a94f760aca4-0-0-2\" class=\"so-panel widget widget_sow-editor panel-last-child\" data-index=\"2\" ><div\n\t\t\t\n\t\t\tclass=\"so-widget-sow-editor so-widget-sow-editor-base\"\n\t\t\t\n\t\t>\n<div class=\"siteorigin-widget-tinymce textwidget\">\n\t<p>4 place Bernard Moitessier<br \/>\n17000 La Rochelle, France<\/p>\n<\/div>\n<\/div><\/div><\/div><\/div><div id=\"pg-w69a94f760aca4-1\"  class=\"panel-grid panel-no-style\" ><div id=\"pgc-w69a94f760aca4-1-0\"  class=\"panel-grid-cell\" ><div id=\"panel-w69a94f760aca4-1-0-0\" class=\"so-panel widget widget_sow-editor panel-first-child panel-last-child\" data-index=\"3\" ><div\n\t\t\t\n\t\t\tclass=\"so-widget-sow-editor so-widget-sow-editor-base\"\n\t\t\t\n\t\t>\n<div class=\"siteorigin-widget-tinymce textwidget\">\n\t\t\t\t\n<div class=\"social-icon-wrapper\">\n\t\t\t\t<div class=\"facebook\">\n\t\t\t<a target=\"_blank\" href=\"https:\/\/www.facebook.com\/sunnysideofthedoc\/\"><i class=\"fab fa-facebook\"><\/i><\/a>\n\t\t<\/div>\n\t\t\t\t<div class=\"instagram\">\n\t\t\t<a target=\"_blank\" href=\"https:\/\/www.instagram.com\/sunnysidedoc\/\"><i class=\"fab fa-instagram\"><\/i><\/a>\n\t\t<\/div>\n\t\t\t\t<div class=\"social-item\">\n\t\t\t<a target=\"_blank\" href=\"https:\/\/fr.linkedin.com\/company\/sunnysideofthedoc\"><i class=\"fab fa-linkedin-in\"><\/i><\/a>\n\t\t<\/div>\n\t<\/div>\n<\/div>\n<\/div><\/div><\/div><\/div><\/div><\/div><\/div><div id=\"panel-w69a94f760ac94-0-0-1\" class=\"so-panel widget widget_siteorigin-panels-builder panel-last-child\" data-index=\"1\" ><div id=\"pl-w640717cb58fd1\"  class=\"panel-layout\" ><div id=\"pg-w640717cb58fd1-0\"  class=\"panel-grid panel-has-style\" ><div class=\"contact-scl-icon-bottom panel-row-style panel-row-style-for-w640717cb58fd1-0\" ><div id=\"pgc-w640717cb58fd1-0-0\"  class=\"panel-grid-cell\" ><div id=\"panel-w640717cb58fd1-0-0-0\" class=\"so-panel widget widget_siteorigin-panels-builder panel-first-child\" data-index=\"0\" ><div id=\"pl-w6401d11e84177\"  class=\"panel-layout\" ><div id=\"pg-w6401d11e84177-0\"  class=\"panel-grid panel-no-style\" ><div id=\"pgc-w6401d11e84177-0-0\"  class=\"panel-grid-cell\" ><div id=\"panel-w6401d11e84177-0-0-0\" class=\"so-panel widget widget_sow-editor panel-first-child panel-last-child\" data-index=\"0\" ><div\n\t\t\t\n\t\t\tclass=\"so-widget-sow-editor so-widget-sow-editor-base\"\n\t\t\t\n\t\t>\n<div class=\"siteorigin-widget-tinymce textwidget\">\n\t<h6>pour toute question:<\/h6>\n<p>Vous trouverez peut \u00eatre la r\u00e9ponse dans notre FAQ, si ce n\u2019est pas le cas, contactez-nous via le formulaire ci-contre ou contactez directement le membre de l\u2019\u00e9quipe concern\u00e9.<\/p>\n<\/div>\n<\/div><\/div><\/div><\/div><\/div><\/div><div id=\"panel-w640717cb58fd1-0-0-1\" class=\"so-panel widget widget_siteorigin-panels-builder panel-last-child\" data-index=\"1\" ><div id=\"pl-w640717cb58fda\"  class=\"panel-layout\" ><div id=\"pg-w640717cb58fda-0\"  class=\"panel-grid panel-has-style\" ><div class=\"buttons-wrapper panel-row-style panel-row-style-for-w640717cb58fda-0\" ><div id=\"pgc-w640717cb58fda-0-0\"  class=\"panel-grid-cell\" ><div id=\"panel-w640717cb58fda-0-0-0\" class=\"so-panel widget widget_sow-button panel-first-child\" data-index=\"0\" ><div class=\"button-hover-type1 panel-widget-style panel-widget-style-for-w640717cb58fda-0-0-0\" ><div\n\t\t\t\n\t\t\tclass=\"so-widget-sow-button so-widget-sow-button-flat-a7b9d7800dbd\"\n\t\t\t\n\t\t><div class=\"ow-button-base ow-button-align-left\"\n>\n\t\t\t<a\n\t\t\t\t\thref=\"https:\/\/www.sunnysideofthedoc.com\/our-team\/\"\n\t\t\t\t\tclass=\"sowb-button ow-icon-placement-left ow-button-hover\" \t>\n\t\t<span>\n\t\t\t\n\t\t\tmembres de l'\u00e9quipe\t\t<\/span>\n\t\t\t<\/a>\n\t<\/div>\n<\/div><\/div><\/div><div id=\"panel-w640717cb58fda-0-0-1\" class=\"so-panel widget widget_sow-button panel-last-child\" data-index=\"1\" ><div class=\"button-hover-type2 panel-widget-style panel-widget-style-for-w640717cb58fda-0-0-1\" ><div\n\t\t\t\n\t\t\tclass=\"so-widget-sow-button so-widget-sow-button-wire-25f0c29e2860\"\n\t\t\t\n\t\t><div class=\"ow-button-base ow-button-align-left\"\n>\n\t\t\t<a\n\t\t\t\t\thref=\"https:\/\/www.sunnysideofthedoc.com\/fr\/faq\/\"\n\t\t\t\t\tclass=\"sowb-button ow-icon-placement-left ow-button-hover\" \t>\n\t\t<span>\n\t\t\t\n\t\t\tFAQ\t\t<\/span>\n\t\t\t<\/a>\n\t<\/div>\n<\/div><\/div><\/div><\/div><\/div><\/div><\/div><\/div><\/div><\/div><\/div><\/div><\/div><\/div><div id=\"pgc-w69a94f760ac94-0-1\"  class=\"panel-grid-cell\" ><div id=\"panel-w69a94f760ac94-0-1-0\" class=\"so-panel widget widget_sow-editor panel-first-child panel-last-child\" data-index=\"2\" ><div\n\t\t\t\n\t\t\tclass=\"so-widget-sow-editor so-widget-sow-editor-base\"\n\t\t\t\n\t\t>\n<div class=\"siteorigin-widget-tinymce textwidget\">\n\t\n<div class=\"wpcf7 no-js\" id=\"wpcf7-f2805-o1\" lang=\"fr-FR\" dir=\"ltr\" data-wpcf7-id=\"2805\">\n<div class=\"screen-reader-response\"><p role=\"status\" aria-live=\"polite\" aria-atomic=\"true\"><\/p> <ul><\/ul><\/div>\n<form action=\"\/fr\/wp-json\/wp\/v2\/pages\/2790#wpcf7-f2805-o1\" method=\"post\" class=\"wpcf7-form init fd54a2afece7 cmatic-conn cmatic-aud-9 cmatic-mapd0-0 cmatic-v0976 cmatic-sent-0 cmatic-total-659\" aria-label=\"Formulaire de contact\" novalidate=\"novalidate\" data-status=\"init\">\n<fieldset class=\"hidden-fields-container\"><input type=\"hidden\" name=\"_wpcf7\" value=\"2805\" \/><input type=\"hidden\" name=\"_wpcf7_version\" value=\"6.1.5\" \/><input type=\"hidden\" name=\"_wpcf7_locale\" value=\"fr_FR\" \/><input type=\"hidden\" name=\"_wpcf7_unit_tag\" value=\"wpcf7-f2805-o1\" \/><input type=\"hidden\" name=\"_wpcf7_container_post\" value=\"0\" \/><input type=\"hidden\" name=\"_wpcf7_posted_data_hash\" value=\"\" \/>\n<\/fieldset>\n<div class=\"form-wrapper\">\n\t<div class=\"form-item subject w-100\">\n\t\t<div class=\"form-item-inner\">\n\t\t\t<p><span class=\"wpcf7-form-control-wrap\" data-name=\"recipient\"><select class=\"wpcf7-form-control wpcf7-select wpcf7-validates-as-required\" id=\"subjectdomain\" aria-required=\"true\" aria-invalid=\"false\" name=\"recipient\"><option value=\"\">Choisir un d\u00e9partement<\/option><option value=\"Sales\">Sales<\/option><option value=\"H\u00e9bergement-Invit\u00e9s\">H\u00e9bergement-Invit\u00e9s<\/option><option value=\"Communication\">Communication<\/option><option value=\"Partenariat &amp; Sponsoring\">Partenariat &amp; Sponsoring<\/option><option value=\"Appel \u00e0 projets\">Appel \u00e0 projets<\/option><option value=\"Autre\">Autre<\/option><\/select><\/span>\n\t\t\t<\/p>\n\t\t<\/div>\n\t<\/div>\n\t<div class=\"form-item first-name\">\n\t\t<div class=\"form-item-inner\">\n\t\t\t<p><span class=\"wpcf7-form-control-wrap\" data-name=\"fname\"><input size=\"40\" maxlength=\"400\" class=\"wpcf7-form-control wpcf7-text wpcf7-validates-as-required\" aria-required=\"true\" aria-invalid=\"false\" placeholder=\"Pr\u00e9nom*\" value=\"\" type=\"text\" name=\"fname\" \/><\/span>\n\t\t\t<\/p>\n\t\t<\/div>\n\t<\/div>\n\t<div class=\"form-item name\">\n\t\t<div class=\"form-item-inner\">\n\t\t\t<p><span class=\"wpcf7-form-control-wrap\" data-name=\"lname\"><input size=\"40\" maxlength=\"400\" class=\"wpcf7-form-control wpcf7-text wpcf7-validates-as-required\" aria-required=\"true\" aria-invalid=\"false\" placeholder=\"Nom de famille*\" value=\"\" type=\"text\" name=\"lname\" \/><\/span>\n\t\t\t<\/p>\n\t\t<\/div>\n\t<\/div>\n\t<div class=\"form-item function\">\n\t\t<div class=\"form-item-inner\">\n\t\t\t<p><span class=\"wpcf7-form-control-wrap\" data-name=\"function\"><input size=\"40\" maxlength=\"400\" class=\"wpcf7-form-control wpcf7-text wpcf7-validates-as-required\" aria-required=\"true\" aria-invalid=\"false\" placeholder=\"Nom du poste ou activit\u00e9*\" value=\"\" type=\"text\" name=\"function\" \/><\/span>\n\t\t\t<\/p>\n\t\t<\/div>\n\t<\/div>\n\t<div class=\"form-item company\">\n\t\t<div class=\"form-item-inner\">\n\t\t\t<p><span class=\"wpcf7-form-control-wrap\" data-name=\"country\"><input size=\"40\" maxlength=\"400\" class=\"wpcf7-form-control wpcf7-text wpcf7-validates-as-required\" aria-required=\"true\" aria-invalid=\"false\" placeholder=\"Pays*\" value=\"\" type=\"text\" name=\"country\" \/><\/span>\n\t\t\t<\/p>\n\t\t<\/div>\n\t<\/div>\n\t<div class=\"form-item email w-100\">\n\t\t<div class=\"form-item-inner\">\n\t\t\t<p><span class=\"wpcf7-form-control-wrap\" data-name=\"email\"><input size=\"40\" maxlength=\"400\" class=\"wpcf7-form-control wpcf7-email wpcf7-validates-as-required wpcf7-text wpcf7-validates-as-email\" aria-required=\"true\" aria-invalid=\"false\" placeholder=\"Adresse e-mail*\" value=\"\" type=\"email\" name=\"email\" \/><\/span>\n\t\t\t<\/p>\n\t\t<\/div>\n\t<\/div>\n\t<div class=\"form-item message\">\n\t\t<div class=\"form-item-inner\">\n\t\t\t<p><span class=\"wpcf7-form-control-wrap\" data-name=\"message\"><textarea cols=\"40\" rows=\"10\" maxlength=\"2000\" class=\"wpcf7-form-control wpcf7-textarea wpcf7-validates-as-required\" aria-required=\"true\" aria-invalid=\"false\" placeholder=\"Message*\" name=\"message\"><\/textarea><\/span>\n\t\t\t<\/p>\n\t\t<\/div>\n\t<\/div>\n\t<div class=\"accept-checkbox\">\n\t\t<p class=\"left-text\"><span class=\"wpcf7-form-control-wrap\" data-name=\"checkbox-513\"><span class=\"wpcf7-form-control wpcf7-checkbox wpcf7-validates-as-required\"><span class=\"wpcf7-list-item first last\"><label><input type=\"checkbox\" name=\"checkbox-513[]\" value=\"1\" \/><span class=\"wpcf7-list-item-label\">1<\/span><\/label><\/span><\/span><\/span>\n\t\t<\/p>\n\t\t<p class=\"right-text\">En soumettant ce formulaire, j'accepte que les informations saisies soient exploit\u00e9es dans le cadre de ma demande. Consultez notre<a href=\"https:\/\/www.sunnysideofthedoc.com\/fr\/politique-de-confidentialite\/\">politique de confidentialit\u00e9*<\/a>\n\t\t<\/p>\n\t<\/div>\n\t<div class=\"form-item submit\">\n\t\t<div class=\"form-item-inner\">\n\t\t\t<p><span id=\"wpcf7-69d29d3175e42-wrapper\" class=\"wpcf7-form-control-wrap honeypot-973-wrap\" style=\"display:none !important; visibility:hidden !important;\"><input id=\"wpcf7-69d29d3175e42-field\"  class=\"wpcf7-form-control wpcf7-text\" type=\"text\" name=\"honeypot-973\" value=\"\" size=\"40\" tabindex=\"-1\" autocomplete=\"new-password\" \/><\/span><br \/>\n<input class=\"wpcf7-form-control wpcf7-submit has-spinner\" type=\"submit\" value=\"envoyer le message\" \/>\n\t\t\t<\/p>\n\t\t<\/div>\n\t<\/div>\n<\/div><input type='hidden' class='wpcf7-pum' value='{\"closepopup\":false,\"closedelay\":0,\"openpopup\":false,\"openpopup_id\":0}' \/><div class=\"wpcf7-response-output\" aria-hidden=\"true\"><\/div>\n<\/form>\n<\/div>\n\n<\/div>\n<\/div><\/div><\/div><\/div><\/div><\/div><\/div><\/div><\/div><\/div><\/div><div id=\"pg-2790-1\"  class=\"panel-grid panel-has-style\" ><div class=\"map-wrapper panel-row-style panel-row-style-for-2790-1\" ><div id=\"pgc-2790-1-0\"  class=\"panel-grid-cell\" ><div id=\"panel-2790-1-0-0\" class=\"so-panel widget widget_siteorigin-panels-builder panel-first-child panel-last-child\" data-index=\"1\" ><div id=\"pl-w69a94f769e07f\"  class=\"panel-layout\" ><div id=\"pg-w69a94f769e07f-0\"  class=\"panel-grid panel-no-style\" ><div id=\"pgc-w69a94f769e07f-0-0\"  class=\"panel-grid-cell\" ><div id=\"panel-w69a94f769e07f-0-0-0\" class=\"so-panel widget widget_sow-editor panel-first-child panel-last-child\" data-index=\"0\" ><div\n\t\t\t\n\t\t\tclass=\"so-widget-sow-editor so-widget-sow-editor-base\"\n\t\t\t\n\t\t>\n<div class=\"siteorigin-widget-tinymce textwidget\">\n\t<p><iframe src=\"https:\/\/www.google.com\/maps\/embed?pb=!1m14!1m8!1m3!1d1179434.8405420014!2d-0.6374653318509338!3d46.63786208448663!3m2!1i1024!2i768!4f13.1!3m3!1m2!1s0x480153b748f1e735%3A0x6de9539fbdc23c46!2s4%20Pl.%20Bernard%20Moitessier%2C%2017000%20La%20Rochelle%2C%20France!5e0!3m2!1sen!2sin!4v1673596754590!5m2!1sen!2sin\" width=\"600\" height=\"450\" style=\"border:0;\" allowfullscreen=\"\" loading=\"lazy\" referrerpolicy=\"no-referrer-when-downgrade\"><\/iframe><\/p>\n<\/div>\n<\/div><\/div><\/div><\/div><\/div><\/div><\/div><\/div><\/div><\/div>","protected":false},"excerpt":{"rendered":"<p>+33 5 46 55 79 79 info@sunnysideofthedoc.com 4 place Bernard Moitessier 17000 La Rochelle, France pour toute question: Vous trouverez peut \u00eatre la r\u00e9ponse dans notre FAQ, si ce n\u2019est pas le cas, contactez-nous via le formulaire ci-contre ou contactez directement le membre de l\u2019\u00e9quipe concern\u00e9. membres de l&rsquo;\u00e9quipe FAQ Choisir un d\u00e9partementSalesH\u00e9bergement-Invit\u00e9sCommunicationPartenariat &amp; SponsoringAppel [&hellip;]<\/p>\n","protected":false},"author":12,"featured_media":0,"parent":0,"menu_order":0,"comment_status":"closed","ping_status":"closed","template":"templates\/contact_us.php","meta":{"_acf_changed":false,"inline_featured_image":false,"footnotes":""},"class_list":["post-2790","page","type-page","status-publish","hentry"],"acf":[],"yoast_head":"<!-- This site is optimized with the Yoast SEO plugin v27.1.1 - https:\/\/yoast.com\/product\/yoast-seo-wordpress\/ -->\n<title>Contact - Sunny Side of the Doc<\/title>\n<meta name=\"description\" content=\"Vous cherchez notre num\u00e9ro de t\u00e9l\u00e9phone, notre adresse e-mail, notre adresse postale ou nos m\u00e9dias sociaux ? Voici la page id\u00e9ale.\" \/>\n<meta name=\"robots\" content=\"index, follow, max-snippet:-1, max-image-preview:large, max-video-preview:-1\" \/>\n<link rel=\"canonical\" href=\"https:\/\/www.sunnysideofthedoc.com\/fr\/contactez-nous\/\" \/>\n<meta property=\"og:locale\" content=\"fr_FR\" \/>\n<meta property=\"og:type\" content=\"article\" \/>\n<meta property=\"og:title\" content=\"Contact - Sunny Side of the Doc\" \/>\n<meta property=\"og:description\" content=\"Vous cherchez notre num\u00e9ro de t\u00e9l\u00e9phone, notre adresse e-mail, notre adresse postale ou nos m\u00e9dias sociaux ? Voici la page id\u00e9ale.\" \/>\n<meta property=\"og:url\" content=\"https:\/\/www.sunnysideofthedoc.com\/fr\/contactez-nous\/\" \/>\n<meta property=\"og:site_name\" content=\"Sunny Side of the Doc\" \/>\n<meta property=\"article:publisher\" content=\"https:\/\/www.facebook.com\/sunnysideofthedoc\/\" \/>\n<meta property=\"article:modified_time\" content=\"2026-03-05T14:00:21+00:00\" \/>\n<script type=\"application\/ld+json\" class=\"yoast-schema-graph\">{\"@context\":\"https:\/\/schema.org\",\"@graph\":[{\"@type\":\"WebPage\",\"@id\":\"https:\/\/www.sunnysideofthedoc.com\/fr\/contactez-nous\/\",\"url\":\"https:\/\/www.sunnysideofthedoc.com\/fr\/contactez-nous\/\",\"name\":\"Contact - Sunny Side of the Doc\",\"isPartOf\":{\"@id\":\"https:\/\/www.sunnysideofthedoc.com\/#website\"},\"datePublished\":\"2022-12-13T03:51:16+00:00\",\"dateModified\":\"2026-03-05T14:00:21+00:00\",\"description\":\"Vous cherchez notre num\u00e9ro de t\u00e9l\u00e9phone, notre adresse e-mail, notre adresse postale ou nos m\u00e9dias sociaux ? Voici la page id\u00e9ale.\",\"breadcrumb\":{\"@id\":\"https:\/\/www.sunnysideofthedoc.com\/fr\/contactez-nous\/#breadcrumb\"},\"inLanguage\":\"fr-FR\",\"potentialAction\":[{\"@type\":\"ReadAction\",\"target\":[\"https:\/\/www.sunnysideofthedoc.com\/fr\/contactez-nous\/\"]}]},{\"@type\":\"BreadcrumbList\",\"@id\":\"https:\/\/www.sunnysideofthedoc.com\/fr\/contactez-nous\/#breadcrumb\",\"itemListElement\":[{\"@type\":\"ListItem\",\"position\":1,\"name\":\"Home\",\"item\":\"https:\/\/www.sunnysideofthedoc.com\/fr\/\"},{\"@type\":\"ListItem\",\"position\":2,\"name\":\"Contact\"}]},{\"@type\":\"WebSite\",\"@id\":\"https:\/\/www.sunnysideofthedoc.com\/#website\",\"url\":\"https:\/\/www.sunnysideofthedoc.com\/\",\"name\":\"Sunny Side of the Doc\",\"description\":\"\",\"publisher\":{\"@id\":\"https:\/\/www.sunnysideofthedoc.com\/#organization\"},\"potentialAction\":[{\"@type\":\"SearchAction\",\"target\":{\"@type\":\"EntryPoint\",\"urlTemplate\":\"https:\/\/www.sunnysideofthedoc.com\/?s={search_term_string}\"},\"query-input\":{\"@type\":\"PropertyValueSpecification\",\"valueRequired\":true,\"valueName\":\"search_term_string\"}}],\"inLanguage\":\"fr-FR\"},{\"@type\":\"Organization\",\"@id\":\"https:\/\/www.sunnysideofthedoc.com\/#organization\",\"name\":\"Sunny Side of the Doc\",\"url\":\"https:\/\/www.sunnysideofthedoc.com\/\",\"logo\":{\"@type\":\"ImageObject\",\"inLanguage\":\"fr-FR\",\"@id\":\"https:\/\/www.sunnysideofthedoc.com\/#\/schema\/logo\/image\/\",\"url\":\"https:\/\/www.sunnysideofthedoc.com\/wp-content\/uploads\/2026\/03\/cropped-logo-vertical-blanc.png\",\"contentUrl\":\"https:\/\/www.sunnysideofthedoc.com\/wp-content\/uploads\/2026\/03\/cropped-logo-vertical-blanc.png\",\"width\":1080,\"height\":1080,\"caption\":\"Sunny Side of the Doc\"},\"image\":{\"@id\":\"https:\/\/www.sunnysideofthedoc.com\/#\/schema\/logo\/image\/\"},\"sameAs\":[\"https:\/\/www.facebook.com\/sunnysideofthedoc\/\",\"https:\/\/x.com\/SunnySideDoc\",\"https:\/\/www.instagram.com\/sunnysidedoc\/\",\"https:\/\/www.linkedin.com\/company\/sunnysideofthedoc\/\"]}]}<\/script>\n<!-- \/ Yoast SEO plugin. -->","yoast_head_json":{"title":"Contact - Sunny Side of the Doc","description":"Vous cherchez notre num\u00e9ro de t\u00e9l\u00e9phone, notre adresse e-mail, notre adresse postale ou nos m\u00e9dias sociaux ? Voici la page id\u00e9ale.","robots":{"index":"index","follow":"follow","max-snippet":"max-snippet:-1","max-image-preview":"max-image-preview:large","max-video-preview":"max-video-preview:-1"},"canonical":"https:\/\/www.sunnysideofthedoc.com\/fr\/contactez-nous\/","og_locale":"fr_FR","og_type":"article","og_title":"Contact - Sunny Side of the Doc","og_description":"Vous cherchez notre num\u00e9ro de t\u00e9l\u00e9phone, notre adresse e-mail, notre adresse postale ou nos m\u00e9dias sociaux ? Voici la page id\u00e9ale.","og_url":"https:\/\/www.sunnysideofthedoc.com\/fr\/contactez-nous\/","og_site_name":"Sunny Side of the Doc","article_publisher":"https:\/\/www.facebook.com\/sunnysideofthedoc\/","article_modified_time":"2026-03-05T14:00:21+00:00","schema":{"@context":"https:\/\/schema.org","@graph":[{"@type":"WebPage","@id":"https:\/\/www.sunnysideofthedoc.com\/fr\/contactez-nous\/","url":"https:\/\/www.sunnysideofthedoc.com\/fr\/contactez-nous\/","name":"Contact - Sunny Side of the Doc","isPartOf":{"@id":"https:\/\/www.sunnysideofthedoc.com\/#website"},"datePublished":"2022-12-13T03:51:16+00:00","dateModified":"2026-03-05T14:00:21+00:00","description":"Vous cherchez notre num\u00e9ro de t\u00e9l\u00e9phone, notre adresse e-mail, notre adresse postale ou nos m\u00e9dias sociaux ? Voici la page id\u00e9ale.","breadcrumb":{"@id":"https:\/\/www.sunnysideofthedoc.com\/fr\/contactez-nous\/#breadcrumb"},"inLanguage":"fr-FR","potentialAction":[{"@type":"ReadAction","target":["https:\/\/www.sunnysideofthedoc.com\/fr\/contactez-nous\/"]}]},{"@type":"BreadcrumbList","@id":"https:\/\/www.sunnysideofthedoc.com\/fr\/contactez-nous\/#breadcrumb","itemListElement":[{"@type":"ListItem","position":1,"name":"Home","item":"https:\/\/www.sunnysideofthedoc.com\/fr\/"},{"@type":"ListItem","position":2,"name":"Contact"}]},{"@type":"WebSite","@id":"https:\/\/www.sunnysideofthedoc.com\/#website","url":"https:\/\/www.sunnysideofthedoc.com\/","name":"Sunny Side of the Doc","description":"","publisher":{"@id":"https:\/\/www.sunnysideofthedoc.com\/#organization"},"potentialAction":[{"@type":"SearchAction","target":{"@type":"EntryPoint","urlTemplate":"https:\/\/www.sunnysideofthedoc.com\/?s={search_term_string}"},"query-input":{"@type":"PropertyValueSpecification","valueRequired":true,"valueName":"search_term_string"}}],"inLanguage":"fr-FR"},{"@type":"Organization","@id":"https:\/\/www.sunnysideofthedoc.com\/#organization","name":"Sunny Side of the Doc","url":"https:\/\/www.sunnysideofthedoc.com\/","logo":{"@type":"ImageObject","inLanguage":"fr-FR","@id":"https:\/\/www.sunnysideofthedoc.com\/#\/schema\/logo\/image\/","url":"https:\/\/www.sunnysideofthedoc.com\/wp-content\/uploads\/2026\/03\/cropped-logo-vertical-blanc.png","contentUrl":"https:\/\/www.sunnysideofthedoc.com\/wp-content\/uploads\/2026\/03\/cropped-logo-vertical-blanc.png","width":1080,"height":1080,"caption":"Sunny Side of the Doc"},"image":{"@id":"https:\/\/www.sunnysideofthedoc.com\/#\/schema\/logo\/image\/"},"sameAs":["https:\/\/www.facebook.com\/sunnysideofthedoc\/","https:\/\/x.com\/SunnySideDoc","https:\/\/www.instagram.com\/sunnysidedoc\/","https:\/\/www.linkedin.com\/company\/sunnysideofthedoc\/"]}]}},"_links":{"self":[{"href":"https:\/\/www.sunnysideofthedoc.com\/fr\/wp-json\/wp\/v2\/pages\/2790","targetHints":{"allow":["GET"]}}],"collection":[{"href":"https:\/\/www.sunnysideofthedoc.com\/fr\/wp-json\/wp\/v2\/pages"}],"about":[{"href":"https:\/\/www.sunnysideofthedoc.com\/fr\/wp-json\/wp\/v2\/types\/page"}],"author":[{"embeddable":true,"href":"https:\/\/www.sunnysideofthedoc.com\/fr\/wp-json\/wp\/v2\/users\/12"}],"replies":[{"embeddable":true,"href":"https:\/\/www.sunnysideofthedoc.com\/fr\/wp-json\/wp\/v2\/comments?post=2790"}],"version-history":[{"count":18,"href":"https:\/\/www.sunnysideofthedoc.com\/fr\/wp-json\/wp\/v2\/pages\/2790\/revisions"}],"predecessor-version":[{"id":12241,"href":"https:\/\/www.sunnysideofthedoc.com\/fr\/wp-json\/wp\/v2\/pages\/2790\/revisions\/12241"}],"wp:attachment":[{"href":"https:\/\/www.sunnysideofthedoc.com\/fr\/wp-json\/wp\/v2\/media?parent=2790"}],"curies":[{"name":"wp","href":"https:\/\/api.w.org\/{rel}","templated":true}]}}