{"id":2780,"date":"2022-12-13T04:28:31","date_gmt":"2022-12-13T03:28:31","guid":{"rendered":"https:\/\/www.sunnysideofthedoc.com\/legal-notice\/"},"modified":"2023-03-06T14:39:58","modified_gmt":"2023-03-06T13:39:58","slug":"mentions-legales","status":"publish","type":"page","link":"https:\/\/www.sunnysideofthedoc.com\/fr\/mentions-legales\/","title":{"rendered":"Mentions l\u00e9gales"},"content":{"rendered":"<div id=\"pl-2780\"  class=\"panel-layout\" ><div id=\"pg-2780-0\"  class=\"panel-grid panel-has-style\" ><div class=\"cgv-wrap panel-row-style panel-row-style-for-2780-0\" ><div id=\"pgc-2780-0-0\"  class=\"panel-grid-cell\" ><div class=\"container panel-cell-style panel-cell-style-for-2780-0-0\" ><div id=\"panel-2780-0-0-0\" class=\"so-panel widget widget_sow-editor panel-first-child panel-last-child\" data-index=\"0\" ><div\n\t\t\t\n\t\t\tclass=\"so-widget-sow-editor so-widget-sow-editor-base\"\n\t\t\t\n\t\t>\n<div class=\"siteorigin-widget-tinymce textwidget\">\n\t<h2>Pr\u00e9sentation du site<\/h2>\n<p>Aux termes de l'article 6 de la loi no. Conform\u00e9ment \u00e0 la loi n\u00b0 2004-575 du 21 juin 2004 pour la confiance dans l'\u00e9conomie num\u00e9rique, les utilisateurs du site sunnysideofthedoc.com sont inform\u00e9s de l'identit\u00e9 des diff\u00e9rents intervenants intervenant dans sa r\u00e9alisation et de son suivi.<\/p>\n<h3>Propri\u00e9taire:<\/h3>\n<p>DocServices<br \/>\n4 place Bernard Moitessier,<br \/>\n17000 La Rochelle<br \/>\nwww.sunnysideofthedoc.com<br \/>\nSIRET : 378 150 387 00108<\/p>\n<h3>Responsable de publication\u00a0:<\/h3>\n<p>Aur\u00e9lie R\u00e9man<\/p>\n<h3>H\u00f4tesse:<\/h3>\n<p>OVH SAS<br \/>\n2 rue Kellermann<br \/>\nBP 80157 59053<br \/>\nROUBAIX CEDEX 1<\/p>\n<h2>Conditions g\u00e9n\u00e9rales d'utilisation du site et des services propos\u00e9s<\/h2>\n<p>L'utilisation du site sunnysideofthedoc.com implique l'acceptation pleine et enti\u00e8re des conditions g\u00e9n\u00e9rales d'utilisation d\u00e9crites ci-apr\u00e8s\u2026 Ces conditions d'utilisation sont susceptibles d'\u00eatre modifi\u00e9es ou compl\u00e9t\u00e9es \u00e0 tout moment, les utilisateurs du site sunnysideofthedoc.com sont donc invit\u00e9s \u00e0 les consulter de mani\u00e8re r\u00e9guli\u00e8re.<\/p>\n<p>Ce site est normalement accessible \u00e0 tout moment aux utilisateurs. Une interruption pour raison de maintenance technique peut \u00eatre toutefois d\u00e9cid\u00e9e par xxx, qui s'efforcera alors de communiquer pr\u00e9alablement aux utilisateurs les dates et heures de l'intervention. sunnysideofthedoc.com est susceptible d'\u00eatre modifi\u00e9 \u00e0 tout moment. .De la m\u00eame mani\u00e8re, les mentions l\u00e9gales peuvent \u00eatre modifi\u00e9es \u00e0 tout moment : elles s'imposent n\u00e9anmoins \u00e0 l'utilisateur qui est invit\u00e9 \u00e0 s'y r\u00e9f\u00e9rer le plus souvent possible pour se renseigner.<\/p>\n<h2>Description des services fournis<\/h2>\n<p>Le site sunnysideofthedoc.com a pour objet de fournir une information concernant l'ensemble des activit\u00e9s de la soci\u00e9t\u00e9. Doc Services s'efforce de fournir sur le site sunnysideofthedoc.com des informations aussi pr\u00e9cises que possible. Toutefois, il ne peut \u00eatre tenu pour responsable des omissions, des inexactitudes et des lacunes dans<br \/>\nla mise \u00e0 jour, que ce soit par lui-m\u00eame ou par les tiers partenaires qui lui fournissent ces informations.<br \/>\nTous les informations indiqu\u00e9es sur le site sunnysideofthedoc.com sont donn\u00e9es \u00e0 titre indicatif, et sont susceptibles d'\u00e9voluer. Par ailleurs, les informations figurant sur le site sunnysideofthedoc.com ne sont pas exhaustives. Ils sont donn\u00e9s sous r\u00e9serve de modifications ayant \u00e9t\u00e9 apport\u00e9es depuis leur mise en ligne.<\/p>\n<h2>Limitations contractuelles sur les donn\u00e9es techniques<\/h2>\n<p>Doc Services ne pourra \u00eatre tenu responsable de dommages mat\u00e9riels li\u00e9s \u00e0 l'utilisation du site. De plus, l'utilisateur du site s'engage \u00e0 acc\u00e9der au site en utilisant un mat\u00e9riel r\u00e9cent, ne contenant pas de virus et avec un navigateur de derni\u00e8re g\u00e9n\u00e9ration mis \u00e0 jour.<\/p>\n<h2>Propri\u00e9t\u00e9 intellectuelle et contrefa\u00e7ons<\/h2>\n<p>Doc Services est propri\u00e9taire des droits de propri\u00e9t\u00e9 intellectuelle ou d\u00e9tient les droits d'usage sur tous les \u00e9l\u00e9ments accessibles sur le site, notamment les textes, images, graphismes, logo, ic\u00f4nes, sons, logiciels.<br \/>\nToute reproduction, repr\u00e9sentation, modification, publication, adaptation de tout ou partie des \u00e9l\u00e9ments du site, quel que soit le moyen ou le proc\u00e9d\u00e9 d'utilisation, est interdite, sauf autorisation \u00e9crite pr\u00e9alable de Doc<br \/>\nPrestations de service.<br \/>\nToute utilisation non autoris\u00e9e du site ou des \u00e9l\u00e9ments qu'il contient sera consid\u00e9r\u00e9e comme constitutive d'une contrefa\u00e7on et poursuivie conform\u00e9ment aux dispositions des articles L.335-2 et suivants du Code de la Propri\u00e9t\u00e9 Intellectuelle.<\/p>\n<h2>Limitation de responsabilit\u00e9<\/h2>\n<p>Doc Services ne pourra \u00eatre tenu responsable des dommages directs et indirects caus\u00e9s au mat\u00e9riel de<br \/>\nl'utilisateur, lors de l'acc\u00e8s au site sunnysideofthedoc.com.<br \/>\nDoc Services ne pourra \u00e9galement \u00eatre tenu responsable des dommages indirects r\u00e9sultant de l'utilisation du<br \/>\nsite web sunnysideofthedoc.com.<br \/>\nDoc Services se r\u00e9serve le droit de supprimer, sans mise en demeure pr\u00e9alable, tout contenu fourni par l'utilisateur qui ne contreviendrait pas \u00e0 la l\u00e9gislation applicable en France, en particulier aux dispositions relatives \u00e0 la protection des donn\u00e9es. Le cas \u00e9ch\u00e9ant, Doc Services se r\u00e9serve \u00e9galement le droit de mettre en cause la responsabilit\u00e9 civile et\/ou p\u00e9nale de l'utilisateur, notamment en cas de message \u00e0 caract\u00e8re raciste, injurieux, diffamatoire, ou pornographique, quel que soit le support utilis\u00e9 (texte , la photographie).<\/p>\n<h2>Gestion des donn\u00e9es personnelles<\/h2>\n<p>En France, les donn\u00e9es personnelles sont notamment prot\u00e9g\u00e9es par la loi n\u00b0 78-87 du 6 janvier 1978, la loi n\u00b0 2004-801 du 6 ao\u00fbt 2004, l'article L. 226-13 du Code p\u00e9nal et la Directive Europ\u00e9enne d'octobre 24, 1995.<br \/>\nA l'occasion de l'utilisation du site sunnysideofthedoc.com, peuvent \u00eatre collect\u00e9es : l'URL des liens par<br \/>\npar l'interm\u00e9diaire duquel l'utilisateur a acc\u00e9d\u00e9 au site sunnysideofthedoc.com, le fournisseur d'acc\u00e8s de l'utilisateur, l'adresse de protocole Internet (IP) de l'utilisateur.<br \/>\nEn tout \u00e9tat de cause Doc Services ne collecte des informations personnelles relatives \u00e0 l'utilisateur que pour le besoin de certains services propos\u00e9s par sunnysideofthedoc.com. L'utilisateur fournit ces informations en toute connaissance de cause, notamment lorsqu'il les saisit lui-m\u00eame. Il est alors pr\u00e9cis\u00e9 \u00e0 l'utilisateur du site sunnysideofthedoc.com l'obligation ou non de fournir ces informations.<br \/>\nConform\u00e9ment aux dispositions des articles 38 et suivants de la loi 78-17 du 6 janvier 1978 relative \u00e0<br \/>\ninformatique, fichiers et libert\u00e9s, tout utilisateur dispose d'un droit d'acc\u00e8s, de rectification et d'opposition aux donn\u00e9es personnelles le concernant, en effectuant sa demande \u00e9crite et sign\u00e9e, accompagn\u00e9e d'une copie d'une pi\u00e8ce d'identit\u00e9, en pr\u00e9cisant l'adresse \u00e0 laquelle la r\u00e9ponse doit \u00eatre envoy\u00e9.<br \/>\nAucune information personnelle de l'utilisateur du site sunnysideofthedoc.com n'est publi\u00e9e \u00e0 l'insu de l'utilisateur, \u00e9chang\u00e9e, transf\u00e9r\u00e9e, c\u00e9d\u00e9e ou vendue sur un support quelconque de tiers. Seule l'hypoth\u00e8se de<br \/>\nLe rachat de Doc Services et de ses droits permettrait la transmission des dites informations \u00e0 l'\u00e9ventuel acqu\u00e9reur qui serait \u00e0 son tour tenu de la m\u00eame obligation de conservation et de modification des donn\u00e9es vis \u00e0 vis de l'utilisateur du site sunnysideofthedoc.com.<br \/>\nLe site n'est pas d\u00e9clar\u00e9 \u00e0 la CNIL car il ne collecte pas d'informations personnelles. Les bases de donn\u00e9es sont prot\u00e9g\u00e9es par les dispositions de la loi du 1er juillet 1998 transposant la directive 96\/9 du 11 mars 1996 relative \u00e0 la protection juridique des bases de donn\u00e9es.<\/p>\n<h2>Liens hypertextes et cookies<\/h2>\n<p>Le site sunnysideofthedoc.com contient un certain nombre de liens hypertextes vers d'autres sites, mis en place avec l'aimable autorisation de Doc Services. Toutefois, Doc Services n'a pas la possibilit\u00e9 de v\u00e9rifier le contenu des sites ainsi visit\u00e9s, et n'assume donc aucune responsabilit\u00e9 de ce fait.<br \/>\nLa navigation sur le site sunnysideofthedoc.com est susceptible de provoquer l'installation de cookie(s) sur l'ordinateur de l'utilisateur. Un cookie est un fichier de petite taille, qui ne permet pas l'identification de l'utilisateur, mais qui enregistre des informations relatives \u00e0 la navigation d'un ordinateur sur un site. Les donn\u00e9es ainsi obtenues visent \u00e0 faciliter la navigation ult\u00e9rieure sur le site, et ont \u00e9galement vocation \u00e0 permettre diverses mesures de fr\u00e9quentation.<\/p>\n<h2>Loi applicable et attribution de juridiction<\/h2>\n<p>Tout litige en relation avec l'utilisation du site sunnysideofthedoc.com est soumis au droit fran\u00e7ais. C'est fait<br \/>\nattribution exclusive de juridiction aux tribunaux comp\u00e9tents.<\/p>\n<h2>Les principales lois concern\u00e9es<\/h2>\n<p>Loi n\u00b0 78-87 du 6 janvier 1978, notamment modifi\u00e9e par la loi n\u00b0 2004-801 du 6 ao\u00fbt 2004 relative \u00e0 l'informatique, aux fichiers et aux libert\u00e9s.<br \/>\nLoi n\u00b02004-575 du 21 juin 2004 pour la confiance dans l'\u00e9conomie num\u00e9rique.<\/p>\n<h2>Lexique<\/h2>\n<p>Utilisateur : Internaute se connectant, utilisant le site susnomm\u00e9.<br \/>\nInformations personnelles : les informations qui permettent, sous quelque forme que ce soit, directement ou non, l'identification des personnes physiques auxquelles elles s'appliquent (article 4 de la loi n\u00b078-17 du 6 janvier).<\/p>\n<\/div>\n<\/div><\/div><\/div><\/div><\/div><\/div><\/div>","protected":false},"excerpt":{"rendered":"<p>Pr\u00e9sentation du site Aux termes de l&rsquo;article 6 de la loi no. Conform\u00e9ment \u00e0 la loi n\u00b0 2004-575 du 21 juin 2004 pour la confiance dans l&rsquo;\u00e9conomie num\u00e9rique, les utilisateurs du site sunnysideofthedoc.com sont inform\u00e9s de l&rsquo;identit\u00e9 des diff\u00e9rents intervenants intervenant dans sa r\u00e9alisation et de son suivi. Propri\u00e9taire: DocServices 4 place Bernard Moitessier, 17000 [&hellip;]<\/p>\n","protected":false},"author":12,"featured_media":0,"parent":0,"menu_order":0,"comment_status":"closed","ping_status":"closed","template":"","meta":{"_acf_changed":false,"inline_featured_image":false,"footnotes":""},"class_list":["post-2780","page","type-page","status-publish","hentry"],"acf":[],"yoast_head":"<!-- This site is optimized with the Yoast SEO plugin v27.1.1 - https:\/\/yoast.com\/product\/yoast-seo-wordpress\/ -->\n<title>Mentions l\u00e9gales - Sunny Side of the Doc<\/title>\n<meta name=\"robots\" content=\"index, follow, max-snippet:-1, max-image-preview:large, max-video-preview:-1\" \/>\n<link rel=\"canonical\" href=\"https:\/\/www.sunnysideofthedoc.com\/mentions-legales\/?lang=fr\" \/>\n<meta property=\"og:locale\" content=\"fr_FR\" \/>\n<meta property=\"og:type\" content=\"article\" \/>\n<meta property=\"og:title\" content=\"Mentions l\u00e9gales - Sunny Side of the Doc\" \/>\n<meta property=\"og:description\" content=\"Pr\u00e9sentation du site Aux termes de l&#039;article 6 de la loi no. Conform\u00e9ment \u00e0 la loi n\u00b0 2004-575 du 21 juin 2004 pour la confiance dans l&#039;\u00e9conomie num\u00e9rique, les utilisateurs du site sunnysideofthedoc.com sont inform\u00e9s de l&#039;identit\u00e9 des diff\u00e9rents intervenants intervenant dans sa r\u00e9alisation et de son suivi. Propri\u00e9taire: DocServices 4 place Bernard Moitessier, 17000 [&hellip;]\" \/>\n<meta property=\"og:url\" content=\"https:\/\/www.sunnysideofthedoc.com\/mentions-legales\/?lang=fr\" \/>\n<meta property=\"og:site_name\" content=\"Sunny Side of the Doc\" \/>\n<meta property=\"article:publisher\" content=\"https:\/\/www.facebook.com\/sunnysideofthedoc\/\" \/>\n<meta property=\"article:modified_time\" content=\"2023-03-06T13:39:58+00:00\" \/>\n<script type=\"application\/ld+json\" class=\"yoast-schema-graph\">{\"@context\":\"https:\/\/schema.org\",\"@graph\":[{\"@type\":\"WebPage\",\"@id\":\"https:\/\/www.sunnysideofthedoc.com\/mentions-legales\/?lang=fr\",\"url\":\"https:\/\/www.sunnysideofthedoc.com\/mentions-legales\/?lang=fr\",\"name\":\"Mentions l\u00e9gales - Sunny Side of the Doc\",\"isPartOf\":{\"@id\":\"https:\/\/www.sunnysideofthedoc.com\/#website\"},\"datePublished\":\"2022-12-13T03:28:31+00:00\",\"dateModified\":\"2023-03-06T13:39:58+00:00\",\"breadcrumb\":{\"@id\":\"https:\/\/www.sunnysideofthedoc.com\/mentions-legales\/?lang=fr#breadcrumb\"},\"inLanguage\":\"fr-FR\",\"potentialAction\":[{\"@type\":\"ReadAction\",\"target\":[\"https:\/\/www.sunnysideofthedoc.com\/mentions-legales\/?lang=fr\"]}]},{\"@type\":\"BreadcrumbList\",\"@id\":\"https:\/\/www.sunnysideofthedoc.com\/mentions-legales\/?lang=fr#breadcrumb\",\"itemListElement\":[{\"@type\":\"ListItem\",\"position\":1,\"name\":\"Home\",\"item\":\"https:\/\/www.sunnysideofthedoc.com\/fr\/\"},{\"@type\":\"ListItem\",\"position\":2,\"name\":\"Mentions l\u00e9gales\"}]},{\"@type\":\"WebSite\",\"@id\":\"https:\/\/www.sunnysideofthedoc.com\/#website\",\"url\":\"https:\/\/www.sunnysideofthedoc.com\/\",\"name\":\"Sunny Side of the Doc\",\"description\":\"\",\"publisher\":{\"@id\":\"https:\/\/www.sunnysideofthedoc.com\/#organization\"},\"potentialAction\":[{\"@type\":\"SearchAction\",\"target\":{\"@type\":\"EntryPoint\",\"urlTemplate\":\"https:\/\/www.sunnysideofthedoc.com\/?s={search_term_string}\"},\"query-input\":{\"@type\":\"PropertyValueSpecification\",\"valueRequired\":true,\"valueName\":\"search_term_string\"}}],\"inLanguage\":\"fr-FR\"},{\"@type\":\"Organization\",\"@id\":\"https:\/\/www.sunnysideofthedoc.com\/#organization\",\"name\":\"Sunny Side of the Doc\",\"url\":\"https:\/\/www.sunnysideofthedoc.com\/\",\"logo\":{\"@type\":\"ImageObject\",\"inLanguage\":\"fr-FR\",\"@id\":\"https:\/\/www.sunnysideofthedoc.com\/#\/schema\/logo\/image\/\",\"url\":\"https:\/\/www.sunnysideofthedoc.com\/wp-content\/uploads\/2026\/03\/cropped-logo-vertical-blanc.png\",\"contentUrl\":\"https:\/\/www.sunnysideofthedoc.com\/wp-content\/uploads\/2026\/03\/cropped-logo-vertical-blanc.png\",\"width\":1080,\"height\":1080,\"caption\":\"Sunny Side of the Doc\"},\"image\":{\"@id\":\"https:\/\/www.sunnysideofthedoc.com\/#\/schema\/logo\/image\/\"},\"sameAs\":[\"https:\/\/www.facebook.com\/sunnysideofthedoc\/\",\"https:\/\/x.com\/SunnySideDoc\",\"https:\/\/www.instagram.com\/sunnysidedoc\/\",\"https:\/\/www.linkedin.com\/company\/sunnysideofthedoc\/\"]}]}<\/script>\n<!-- \/ Yoast SEO plugin. -->","yoast_head_json":{"title":"Mentions l\u00e9gales - Sunny Side of the Doc","robots":{"index":"index","follow":"follow","max-snippet":"max-snippet:-1","max-image-preview":"max-image-preview:large","max-video-preview":"max-video-preview:-1"},"canonical":"https:\/\/www.sunnysideofthedoc.com\/mentions-legales\/?lang=fr","og_locale":"fr_FR","og_type":"article","og_title":"Mentions l\u00e9gales - Sunny Side of the Doc","og_description":"Pr\u00e9sentation du site Aux termes de l'article 6 de la loi no. Conform\u00e9ment \u00e0 la loi n\u00b0 2004-575 du 21 juin 2004 pour la confiance dans l'\u00e9conomie num\u00e9rique, les utilisateurs du site sunnysideofthedoc.com sont inform\u00e9s de l'identit\u00e9 des diff\u00e9rents intervenants intervenant dans sa r\u00e9alisation et de son suivi. Propri\u00e9taire: DocServices 4 place Bernard Moitessier, 17000 [&hellip;]","og_url":"https:\/\/www.sunnysideofthedoc.com\/mentions-legales\/?lang=fr","og_site_name":"Sunny Side of the Doc","article_publisher":"https:\/\/www.facebook.com\/sunnysideofthedoc\/","article_modified_time":"2023-03-06T13:39:58+00:00","schema":{"@context":"https:\/\/schema.org","@graph":[{"@type":"WebPage","@id":"https:\/\/www.sunnysideofthedoc.com\/mentions-legales\/?lang=fr","url":"https:\/\/www.sunnysideofthedoc.com\/mentions-legales\/?lang=fr","name":"Mentions l\u00e9gales - Sunny Side of the Doc","isPartOf":{"@id":"https:\/\/www.sunnysideofthedoc.com\/#website"},"datePublished":"2022-12-13T03:28:31+00:00","dateModified":"2023-03-06T13:39:58+00:00","breadcrumb":{"@id":"https:\/\/www.sunnysideofthedoc.com\/mentions-legales\/?lang=fr#breadcrumb"},"inLanguage":"fr-FR","potentialAction":[{"@type":"ReadAction","target":["https:\/\/www.sunnysideofthedoc.com\/mentions-legales\/?lang=fr"]}]},{"@type":"BreadcrumbList","@id":"https:\/\/www.sunnysideofthedoc.com\/mentions-legales\/?lang=fr#breadcrumb","itemListElement":[{"@type":"ListItem","position":1,"name":"Home","item":"https:\/\/www.sunnysideofthedoc.com\/fr\/"},{"@type":"ListItem","position":2,"name":"Mentions l\u00e9gales"}]},{"@type":"WebSite","@id":"https:\/\/www.sunnysideofthedoc.com\/#website","url":"https:\/\/www.sunnysideofthedoc.com\/","name":"Sunny Side of the Doc","description":"","publisher":{"@id":"https:\/\/www.sunnysideofthedoc.com\/#organization"},"potentialAction":[{"@type":"SearchAction","target":{"@type":"EntryPoint","urlTemplate":"https:\/\/www.sunnysideofthedoc.com\/?s={search_term_string}"},"query-input":{"@type":"PropertyValueSpecification","valueRequired":true,"valueName":"search_term_string"}}],"inLanguage":"fr-FR"},{"@type":"Organization","@id":"https:\/\/www.sunnysideofthedoc.com\/#organization","name":"Sunny Side of the Doc","url":"https:\/\/www.sunnysideofthedoc.com\/","logo":{"@type":"ImageObject","inLanguage":"fr-FR","@id":"https:\/\/www.sunnysideofthedoc.com\/#\/schema\/logo\/image\/","url":"https:\/\/www.sunnysideofthedoc.com\/wp-content\/uploads\/2026\/03\/cropped-logo-vertical-blanc.png","contentUrl":"https:\/\/www.sunnysideofthedoc.com\/wp-content\/uploads\/2026\/03\/cropped-logo-vertical-blanc.png","width":1080,"height":1080,"caption":"Sunny Side of the Doc"},"image":{"@id":"https:\/\/www.sunnysideofthedoc.com\/#\/schema\/logo\/image\/"},"sameAs":["https:\/\/www.facebook.com\/sunnysideofthedoc\/","https:\/\/x.com\/SunnySideDoc","https:\/\/www.instagram.com\/sunnysidedoc\/","https:\/\/www.linkedin.com\/company\/sunnysideofthedoc\/"]}]}},"_links":{"self":[{"href":"https:\/\/www.sunnysideofthedoc.com\/fr\/wp-json\/wp\/v2\/pages\/2780","targetHints":{"allow":["GET"]}}],"collection":[{"href":"https:\/\/www.sunnysideofthedoc.com\/fr\/wp-json\/wp\/v2\/pages"}],"about":[{"href":"https:\/\/www.sunnysideofthedoc.com\/fr\/wp-json\/wp\/v2\/types\/page"}],"author":[{"embeddable":true,"href":"https:\/\/www.sunnysideofthedoc.com\/fr\/wp-json\/wp\/v2\/users\/12"}],"replies":[{"embeddable":true,"href":"https:\/\/www.sunnysideofthedoc.com\/fr\/wp-json\/wp\/v2\/comments?post=2780"}],"version-history":[{"count":8,"href":"https:\/\/www.sunnysideofthedoc.com\/fr\/wp-json\/wp\/v2\/pages\/2780\/revisions"}],"predecessor-version":[{"id":4428,"href":"https:\/\/www.sunnysideofthedoc.com\/fr\/wp-json\/wp\/v2\/pages\/2780\/revisions\/4428"}],"wp:attachment":[{"href":"https:\/\/www.sunnysideofthedoc.com\/fr\/wp-json\/wp\/v2\/media?parent=2780"}],"curies":[{"name":"wp","href":"https:\/\/api.w.org\/{rel}","templated":true}]}}