{"id":2767,"date":"2022-12-13T06:49:41","date_gmt":"2022-12-13T05:49:41","guid":{"rendered":"https:\/\/www.sunnysideofthedoc.com\/privacy-policy\/"},"modified":"2024-06-22T22:52:47","modified_gmt":"2024-06-22T20:52:47","slug":"politique-de-confidentialite","status":"publish","type":"page","link":"https:\/\/www.sunnysideofthedoc.com\/fr\/politique-de-confidentialite\/","title":{"rendered":"Politique de confidentialit\u00e9"},"content":{"rendered":"<div id=\"pl-2767\"  class=\"panel-layout\" ><div id=\"pg-2767-0\"  class=\"panel-grid panel-has-style\" ><div class=\"cgv-wrap panel-row-style panel-row-style-for-2767-0\" ><div id=\"pgc-2767-0-0\"  class=\"panel-grid-cell\" ><div class=\"container panel-cell-style panel-cell-style-for-2767-0-0\" ><div id=\"panel-2767-0-0-0\" class=\"so-panel widget widget_sow-editor panel-first-child panel-last-child\" data-index=\"0\" ><div\n\t\t\t\n\t\t\tclass=\"so-widget-sow-editor so-widget-sow-editor-base\"\n\t\t\t\n\t\t>\n<div class=\"siteorigin-widget-tinymce textwidget\">\n\t<h2>confidentialit\u00e9 -<br \/>\ndonn\u00e9es personnelles<\/h2>\n<h3>Responsable du traitement<\/h3>\n<p>Doc Services, SAS au capital de 75 000\u20ac, 4 PL BERNARD MOITESSIER 17000 LA ROCHELLE, immatricul\u00e9e au RCS de La Rochelle B 378 150 387 met en \u0153uvre divers traitements sur les donn\u00e9es personnelles collect\u00e9es sur le site.<br \/>\nEn utilisant le site sunnysideofthedoc.com, les Utilisateurs collectent \u00e9galement des donn\u00e9es personnelles personnelles de leurs membres et \u00e0 ce titre sont responsables de traitement. Les coordonn\u00e9es des utilisateurs apparaissent dans leur espace d\u00e9di\u00e9.<\/p>\n<h3>Donn\u00e9es collect\u00e9es<\/h3>\n<p>Les donn\u00e9es personnelles collect\u00e9es sont les suivantes :<br \/>\nDonn\u00e9es structurelles\u00a0;<br \/>\nDonn\u00e9es relatives aux membres, selon le choix des champs par l'Utilisateur tels que l'\u00e9tat civil, le parcours scolaire,<br \/>\ntuteurs l\u00e9gaux, contacts en cas d'urgence, tailles.<br \/>\nDoc Services collecte des donn\u00e9es personnelles relatives au repr\u00e9sentant l\u00e9gal de l'Utilisateur lors de la cr\u00e9ation de son espace par ce dernier.<br \/>\nLes utilisateurs collectent des donn\u00e9es personnelles relatives aux membres lors de l'utilisation du site sunnysideofthedoc.com ; Les utilisateurs sont libres de choisir les diff\u00e9rents champs de collecte de donn\u00e9es.<\/p>\n<h3>Finalit\u00e9s et bases juridiques du traitement<\/h3>\n<p>Les finalit\u00e9s du traitement des donn\u00e9es personnelles collect\u00e9es sont :<br \/>\nGestion des contrats, facturation, comptabilit\u00e9\u00a0;<br \/>\nEnvoi d'informations, d'\u00e9v\u00e9nements, de prospection commerciale ;<br \/>\nRespect des obligations l\u00e9gales\u00a0;<br \/>\n\u00c0 des fins de s\u00e9curit\u00e9 et de continuit\u00e9 des activit\u00e9s.<br \/>\nLes bases l\u00e9gales des traitements mis en \u0153uvre sont :<br \/>\nL'ex\u00e9cution d'un contrat (par exemple, la fourniture du service demand\u00e9)\u00a0;<br \/>\nRespect des obligations l\u00e9gales (par exemple conservation des demandes d'opposition) ;<br \/>\nL'int\u00e9r\u00eat l\u00e9gitime du responsable du traitement (par exemple la s\u00e9curit\u00e9 du site web, son adaptation au<br \/>\nnavigation du visiteur du site) ;<br \/>\nLe consentement de la personne concern\u00e9e (par exemple pour envoyer des informations commerciales) ;<\/p>\n<h3>Cat\u00e9gories de destinataires<\/h3>\n<p>Les cat\u00e9gories de destinataires sont les personnes habilit\u00e9es et agissant dans le cadre de leurs attributions :<br \/>\nDans le cadre des missions habituelles : les personnels charg\u00e9s de la passation, de la gestion, de l'ex\u00e9cution des contrats, y compris les prestataires techniques, les sous-traitants dans le cadre de leurs missions, les personnes intervenant sur le contrat tels que avocats, experts, tribunaux officiers et juristes\u00a0;<br \/>\nEn tant que personnes int\u00e9ress\u00e9es au contrat : les signataires, les tiers int\u00e9ress\u00e9s \u00e0 l'ex\u00e9cution du contrat.<br \/>\nEn qualit\u00e9 de personnes habilit\u00e9es \u00e0 l'\u00e9gard des tiers habilit\u00e9s : les juridictions concern\u00e9es, les arbitres, les m\u00e9diateurs, les minist\u00e8res concern\u00e9s, les autorit\u00e9s de tutelle et de contr\u00f4le et tous organismes publics habilit\u00e9s \u00e0 recevoir, les services charg\u00e9s du contr\u00f4le externe et interne.<\/p>\n<h3>P\u00e9riodes de stockage<\/h3>\n<p>Ces donn\u00e9es sont conserv\u00e9es pendant toute la dur\u00e9e de la relation contractuelle entre l'Utilisateur et Doc Services. Au-del\u00e0, les donn\u00e9es sont archiv\u00e9es pendant la dur\u00e9e o\u00f9 la responsabilit\u00e9 de chacune des parties pourrait \u00eatre mise en cause avant suppression d\u00e9finitive des donn\u00e9es.<br \/>\nLes donn\u00e9es sont conserv\u00e9es pendant la dur\u00e9e permettant de respecter les d\u00e9lais de prescription pr\u00e9vus aux articles 2224 et suivants du Code civil et les d\u00e9lais de conservation des pi\u00e8ces comptables.<br \/>\nLes donn\u00e9es collect\u00e9es dans le cadre d'une demande sont conserv\u00e9es le temps n\u00e9cessaire au traitement de la demande.<br \/>\nLes donn\u00e9es collect\u00e9es dans le cadre de la prospection commerciale sont conserv\u00e9es jusqu'au retrait de votre consentement ou supprim\u00e9es en cas d'inactivit\u00e9 prolong\u00e9e.<br \/>\nLes cookies sont conserv\u00e9s au maximum 13 mois.<\/p>\n<h3>Droits des personnes<\/h3>\n<p>Toute personne concern\u00e9e a les droits suivants sur ses donn\u00e9es :<br \/>\nL'autorisation d'acc\u00e8s ;<br \/>\nDroit de rectification\u00a0;<br \/>\nDroit \u00e0 l'effacement\u00a0;<br \/>\nDroit d'opposition ;<br \/>\nDroit de retirer son consentement \u00e0 tout moment, sans affecter la lic\u00e9it\u00e9 du traitement fond\u00e9 sur le consentement donn\u00e9 avant son retrait\u00a0;<br \/>\nDroit \u00e0 la portabilit\u00e9 des donn\u00e9es\u00a0;<br \/>\nDroit \u00e0 la limitation du traitement\u00a0;<br \/>\nDroit de d\u00e9finir les directives relatives au sort de ses donn\u00e9es personnelles apr\u00e8s son d\u00e9c\u00e8s ;<br \/>\nDroit d'introduire une r\u00e9clamation aupr\u00e8s d'une autorit\u00e9 de contr\u00f4le, telle que la CNIL en<\/p>\n<h3>Biscuits<\/h3>\n<p>Lors de la consultation du site internet, des informations concernant le visiteur ou relatives \u00e0 la navigation du terminal (ordinateur, tablette, smartphone, etc.), sont susceptibles d'\u00eatre lues ou enregistr\u00e9es dans des fichiers \u00ab cookies \u00bb install\u00e9s sur le terminal du visiteur, sous r\u00e9serve de les choix exprim\u00e9s concernant les cookies.<br \/>\nCertains cookies peuvent \u00eatre d\u00e9pos\u00e9s ou lus sans obtenir le consentement des personnes, \u00e0 savoir :<br \/>\nLes cookies dont le but exclusif est de permettre ou de faciliter la communication par voie \u00e9lectronique ;<br \/>\nCookies strictement n\u00e9cessaires \u00e0 la fourniture d'un service express\u00e9ment demand\u00e9 par l'utilisateur ;<br \/>\nCertains cookies de mesure d'audience.<br \/>\nLes cookies statistiques aident les propri\u00e9taires de sites Web, en collectant et en communiquant des informations de mani\u00e8re anonyme, \u00e0 comprendre comment les visiteurs interagissent avec les sites Web.<br \/>\nLa rubrique \u00ab Aide \u00bb situ\u00e9e dans la barre de menu de la plupart des navigateurs Internet indique comment emp\u00eacher l'acceptation de nouveaux cookies et comment d\u00e9sactiver tous les cookies :<br \/>\nPour Internet Explorer\u2122\u00a0:<br \/>\nhttp:\/\/windows.microsoft.com\/fr-FR\/windows-vista\/Block-or-allow-cookies,<br \/>\nPour Safari\u2122\u00a0:<br \/>\nhttps:\/\/support.apple.com\/kb\/ph21411?locale=fr_CA<br \/>\nPour Chrome\u2122\u00a0:<br \/>\nhttp:\/\/support.google.com\/chrome\/bin\/answer.py?hl=fr&amp;hlrm=en&amp;answer=95647,<br \/>\nPour Firefox\u2122\u00a0:<br \/>\nhttps:\/\/support.mozilla.org\/fr\/kb\/enable-or-disable-cookies-on-firefox-for-android<br \/>\nPour Opera\u2122\u00a0:<br \/>\nhttp:\/\/help.opera.com\/Windows\/10.20\/fr\/cookies.html,<br \/>\nPour comprendre comment contr\u00f4ler les cookies, le visiteur est invit\u00e9 \u00e0 consulter :<br \/>\nLe site de la CNIL : https:\/\/www.cnil.fr\/fr\/cookies-les-outils-pour-les-maitriser ;<br \/>\nLa plateforme YouOnlineChoices : http:\/\/www.youronlinechoices.com\/fr\/<br \/>\nLa d\u00e9sactivation des cookies peut restreindre l'acc\u00e8s \u00e0 certaines fonctionnalit\u00e9s du site Web du<br \/>\ncontr\u00f4leur de donn\u00e9es.<\/p>\n<\/div>\n<\/div><\/div><\/div><\/div><\/div><\/div><\/div>","protected":false},"excerpt":{"rendered":"<p>confidentialit\u00e9 &#8211; donn\u00e9es personnelles Responsable du traitement Doc Services, SAS au capital de 75 000\u20ac, 4 PL BERNARD MOITESSIER 17000 LA ROCHELLE, immatricul\u00e9e au RCS de La Rochelle B 378 150 387 met en \u0153uvre divers traitements sur les donn\u00e9es personnelles collect\u00e9es sur le site. En utilisant le site sunnysideofthedoc.com, les Utilisateurs collectent \u00e9galement des [&hellip;]<\/p>\n","protected":false},"author":12,"featured_media":0,"parent":0,"menu_order":0,"comment_status":"closed","ping_status":"closed","template":"","meta":{"_acf_changed":false,"inline_featured_image":false,"footnotes":""},"class_list":["post-2767","page","type-page","status-publish","hentry"],"acf":[],"yoast_head":"<!-- This site is optimized with the Yoast SEO plugin v27.1.1 - https:\/\/yoast.com\/product\/yoast-seo-wordpress\/ -->\n<title>Politique de confidentialit\u00e9 - Sunny Side of the Doc<\/title>\n<meta name=\"robots\" content=\"index, follow, max-snippet:-1, max-image-preview:large, max-video-preview:-1\" \/>\n<link rel=\"canonical\" href=\"https:\/\/www.sunnysideofthedoc.com\/fr\/politique-de-confidentialite\/\" \/>\n<meta property=\"og:locale\" content=\"fr_FR\" \/>\n<meta property=\"og:type\" content=\"article\" \/>\n<meta property=\"og:title\" content=\"Politique de confidentialit\u00e9 - Sunny Side of the Doc\" \/>\n<meta property=\"og:description\" content=\"confidentialit\u00e9 - donn\u00e9es personnelles Responsable du traitement Doc Services, SAS au capital de 75 000\u20ac, 4 PL BERNARD MOITESSIER 17000 LA ROCHELLE, immatricul\u00e9e au RCS de La Rochelle B 378 150 387 met en \u0153uvre divers traitements sur les donn\u00e9es personnelles collect\u00e9es sur le site. En utilisant le site sunnysideofthedoc.com, les Utilisateurs collectent \u00e9galement des [&hellip;]\" \/>\n<meta property=\"og:url\" content=\"https:\/\/www.sunnysideofthedoc.com\/fr\/politique-de-confidentialite\/\" \/>\n<meta property=\"og:site_name\" content=\"Sunny Side of the Doc\" \/>\n<meta property=\"article:publisher\" content=\"https:\/\/www.facebook.com\/sunnysideofthedoc\/\" \/>\n<meta property=\"article:modified_time\" content=\"2024-06-22T20:52:47+00:00\" \/>\n<script type=\"application\/ld+json\" class=\"yoast-schema-graph\">{\"@context\":\"https:\/\/schema.org\",\"@graph\":[{\"@type\":\"WebPage\",\"@id\":\"https:\/\/www.sunnysideofthedoc.com\/fr\/politique-de-confidentialite\/\",\"url\":\"https:\/\/www.sunnysideofthedoc.com\/fr\/politique-de-confidentialite\/\",\"name\":\"Politique de confidentialit\u00e9 - Sunny Side of the Doc\",\"isPartOf\":{\"@id\":\"https:\/\/www.sunnysideofthedoc.com\/#website\"},\"datePublished\":\"2022-12-13T05:49:41+00:00\",\"dateModified\":\"2024-06-22T20:52:47+00:00\",\"breadcrumb\":{\"@id\":\"https:\/\/www.sunnysideofthedoc.com\/fr\/politique-de-confidentialite\/#breadcrumb\"},\"inLanguage\":\"fr-FR\",\"potentialAction\":[{\"@type\":\"ReadAction\",\"target\":[\"https:\/\/www.sunnysideofthedoc.com\/fr\/politique-de-confidentialite\/\"]}]},{\"@type\":\"BreadcrumbList\",\"@id\":\"https:\/\/www.sunnysideofthedoc.com\/fr\/politique-de-confidentialite\/#breadcrumb\",\"itemListElement\":[{\"@type\":\"ListItem\",\"position\":1,\"name\":\"Home\",\"item\":\"https:\/\/www.sunnysideofthedoc.com\/fr\/\"},{\"@type\":\"ListItem\",\"position\":2,\"name\":\"Politique de confidentialit\u00e9\"}]},{\"@type\":\"WebSite\",\"@id\":\"https:\/\/www.sunnysideofthedoc.com\/#website\",\"url\":\"https:\/\/www.sunnysideofthedoc.com\/\",\"name\":\"Sunny Side of the Doc\",\"description\":\"\",\"publisher\":{\"@id\":\"https:\/\/www.sunnysideofthedoc.com\/#organization\"},\"potentialAction\":[{\"@type\":\"SearchAction\",\"target\":{\"@type\":\"EntryPoint\",\"urlTemplate\":\"https:\/\/www.sunnysideofthedoc.com\/?s={search_term_string}\"},\"query-input\":{\"@type\":\"PropertyValueSpecification\",\"valueRequired\":true,\"valueName\":\"search_term_string\"}}],\"inLanguage\":\"fr-FR\"},{\"@type\":\"Organization\",\"@id\":\"https:\/\/www.sunnysideofthedoc.com\/#organization\",\"name\":\"Sunny Side of the Doc\",\"url\":\"https:\/\/www.sunnysideofthedoc.com\/\",\"logo\":{\"@type\":\"ImageObject\",\"inLanguage\":\"fr-FR\",\"@id\":\"https:\/\/www.sunnysideofthedoc.com\/#\/schema\/logo\/image\/\",\"url\":\"https:\/\/www.sunnysideofthedoc.com\/wp-content\/uploads\/2026\/03\/cropped-logo-vertical-blanc.png\",\"contentUrl\":\"https:\/\/www.sunnysideofthedoc.com\/wp-content\/uploads\/2026\/03\/cropped-logo-vertical-blanc.png\",\"width\":1080,\"height\":1080,\"caption\":\"Sunny Side of the Doc\"},\"image\":{\"@id\":\"https:\/\/www.sunnysideofthedoc.com\/#\/schema\/logo\/image\/\"},\"sameAs\":[\"https:\/\/www.facebook.com\/sunnysideofthedoc\/\",\"https:\/\/x.com\/SunnySideDoc\",\"https:\/\/www.instagram.com\/sunnysidedoc\/\",\"https:\/\/www.linkedin.com\/company\/sunnysideofthedoc\/\"]}]}<\/script>\n<!-- \/ Yoast SEO plugin. -->","yoast_head_json":{"title":"Politique de confidentialit\u00e9 - Sunny Side of the Doc","robots":{"index":"index","follow":"follow","max-snippet":"max-snippet:-1","max-image-preview":"max-image-preview:large","max-video-preview":"max-video-preview:-1"},"canonical":"https:\/\/www.sunnysideofthedoc.com\/fr\/politique-de-confidentialite\/","og_locale":"fr_FR","og_type":"article","og_title":"Politique de confidentialit\u00e9 - Sunny Side of the Doc","og_description":"confidentialit\u00e9 - donn\u00e9es personnelles Responsable du traitement Doc Services, SAS au capital de 75 000\u20ac, 4 PL BERNARD MOITESSIER 17000 LA ROCHELLE, immatricul\u00e9e au RCS de La Rochelle B 378 150 387 met en \u0153uvre divers traitements sur les donn\u00e9es personnelles collect\u00e9es sur le site. En utilisant le site sunnysideofthedoc.com, les Utilisateurs collectent \u00e9galement des [&hellip;]","og_url":"https:\/\/www.sunnysideofthedoc.com\/fr\/politique-de-confidentialite\/","og_site_name":"Sunny Side of the Doc","article_publisher":"https:\/\/www.facebook.com\/sunnysideofthedoc\/","article_modified_time":"2024-06-22T20:52:47+00:00","schema":{"@context":"https:\/\/schema.org","@graph":[{"@type":"WebPage","@id":"https:\/\/www.sunnysideofthedoc.com\/fr\/politique-de-confidentialite\/","url":"https:\/\/www.sunnysideofthedoc.com\/fr\/politique-de-confidentialite\/","name":"Politique de confidentialit\u00e9 - Sunny Side of the Doc","isPartOf":{"@id":"https:\/\/www.sunnysideofthedoc.com\/#website"},"datePublished":"2022-12-13T05:49:41+00:00","dateModified":"2024-06-22T20:52:47+00:00","breadcrumb":{"@id":"https:\/\/www.sunnysideofthedoc.com\/fr\/politique-de-confidentialite\/#breadcrumb"},"inLanguage":"fr-FR","potentialAction":[{"@type":"ReadAction","target":["https:\/\/www.sunnysideofthedoc.com\/fr\/politique-de-confidentialite\/"]}]},{"@type":"BreadcrumbList","@id":"https:\/\/www.sunnysideofthedoc.com\/fr\/politique-de-confidentialite\/#breadcrumb","itemListElement":[{"@type":"ListItem","position":1,"name":"Home","item":"https:\/\/www.sunnysideofthedoc.com\/fr\/"},{"@type":"ListItem","position":2,"name":"Politique de confidentialit\u00e9"}]},{"@type":"WebSite","@id":"https:\/\/www.sunnysideofthedoc.com\/#website","url":"https:\/\/www.sunnysideofthedoc.com\/","name":"Sunny Side of the Doc","description":"","publisher":{"@id":"https:\/\/www.sunnysideofthedoc.com\/#organization"},"potentialAction":[{"@type":"SearchAction","target":{"@type":"EntryPoint","urlTemplate":"https:\/\/www.sunnysideofthedoc.com\/?s={search_term_string}"},"query-input":{"@type":"PropertyValueSpecification","valueRequired":true,"valueName":"search_term_string"}}],"inLanguage":"fr-FR"},{"@type":"Organization","@id":"https:\/\/www.sunnysideofthedoc.com\/#organization","name":"Sunny Side of the Doc","url":"https:\/\/www.sunnysideofthedoc.com\/","logo":{"@type":"ImageObject","inLanguage":"fr-FR","@id":"https:\/\/www.sunnysideofthedoc.com\/#\/schema\/logo\/image\/","url":"https:\/\/www.sunnysideofthedoc.com\/wp-content\/uploads\/2026\/03\/cropped-logo-vertical-blanc.png","contentUrl":"https:\/\/www.sunnysideofthedoc.com\/wp-content\/uploads\/2026\/03\/cropped-logo-vertical-blanc.png","width":1080,"height":1080,"caption":"Sunny Side of the Doc"},"image":{"@id":"https:\/\/www.sunnysideofthedoc.com\/#\/schema\/logo\/image\/"},"sameAs":["https:\/\/www.facebook.com\/sunnysideofthedoc\/","https:\/\/x.com\/SunnySideDoc","https:\/\/www.instagram.com\/sunnysidedoc\/","https:\/\/www.linkedin.com\/company\/sunnysideofthedoc\/"]}]}},"_links":{"self":[{"href":"https:\/\/www.sunnysideofthedoc.com\/fr\/wp-json\/wp\/v2\/pages\/2767","targetHints":{"allow":["GET"]}}],"collection":[{"href":"https:\/\/www.sunnysideofthedoc.com\/fr\/wp-json\/wp\/v2\/pages"}],"about":[{"href":"https:\/\/www.sunnysideofthedoc.com\/fr\/wp-json\/wp\/v2\/types\/page"}],"author":[{"embeddable":true,"href":"https:\/\/www.sunnysideofthedoc.com\/fr\/wp-json\/wp\/v2\/users\/12"}],"replies":[{"embeddable":true,"href":"https:\/\/www.sunnysideofthedoc.com\/fr\/wp-json\/wp\/v2\/comments?post=2767"}],"version-history":[{"count":7,"href":"https:\/\/www.sunnysideofthedoc.com\/fr\/wp-json\/wp\/v2\/pages\/2767\/revisions"}],"predecessor-version":[{"id":9735,"href":"https:\/\/www.sunnysideofthedoc.com\/fr\/wp-json\/wp\/v2\/pages\/2767\/revisions\/9735"}],"wp:attachment":[{"href":"https:\/\/www.sunnysideofthedoc.com\/fr\/wp-json\/wp\/v2\/media?parent=2767"}],"curies":[{"name":"wp","href":"https:\/\/api.w.org\/{rel}","templated":true}]}}