{"id":2757,"date":"2022-12-13T07:51:05","date_gmt":"2022-12-13T06:51:05","guid":{"rendered":"https:\/\/www.sunnysideofthedoc.com\/register-form\/"},"modified":"2026-03-23T18:15:42","modified_gmt":"2026-03-23T17:15:42","slug":"participer-decideur","status":"publish","type":"page","link":"https:\/\/www.sunnysideofthedoc.com\/fr\/participer-decideur\/","title":{"rendered":"Participer en tant que d\u00e9cideur"},"content":{"rendered":"<div id=\"pl-2757\"  class=\"panel-layout\" ><div id=\"pg-2757-0\"  class=\"panel-grid panel-has-style\" ><div class=\"register-form-wrapper panel-row-style panel-row-style-for-2757-0\" ><div id=\"pgc-2757-0-0\"  class=\"panel-grid-cell\" ><div id=\"panel-2757-0-0-0\" class=\"so-panel widget widget_siteorigin-panels-builder panel-first-child panel-last-child\" data-index=\"0\" ><div class=\"container panel-widget-style panel-widget-style-for-2757-0-0-0\" ><div id=\"pl-w69c1753e45c2f\"  class=\"panel-layout\" ><div id=\"pg-w69c1753e45c2f-0\"  class=\"panel-grid panel-no-style\" ><div id=\"pgc-w69c1753e45c2f-0-0\"  class=\"panel-grid-cell\" ><div id=\"panel-w69c1753e45c2f-0-0-0\" class=\"so-panel widget widget_sow-editor panel-first-child\" data-index=\"0\" ><div class=\"bottom-contact-left panel-widget-style panel-widget-style-for-w69c1753e45c2f-0-0-0\" ><div\n\t\t\t\n\t\t\tclass=\"so-widget-sow-editor so-widget-sow-editor-base\"\n\t\t\t\n\t\t>\n<div class=\"siteorigin-widget-tinymce textwidget\">\n\t<h6>Qu'est-ce qu'un D\u00e9cideur \/ Decision Maker ?<\/h6>\n<p>Une personne est consid\u00e9r\u00e9e comme Decision Maker lorsqu\u2019elle occupe un des postes suivants :<\/p>\n<ul>\n<li aria-level=\"1\">Directeurs de cha\u00eene, responsables de programmation, charg\u00e9s de programmes, chefs d\u2019unit\u00e9 documentaires \/ coproduction<\/li>\n<li>Acheteurs et responsables des acquisitions au sein d\u2019une cha\u00eene ou d\u2019une plateforme<\/li>\n<li>D\u00e9cideurs institutionnels soutenant des projets documentaires t\u00e9l\u00e9vision, cin\u00e9ma et multim\u00e9dia<\/li>\n<li>Organismes de financement, fondations, fonds \/ commissions, ONG \u00e9tablies investissant dans des projets t\u00e9l\u00e9vision, cin\u00e9ma et multim\u00e9dia<\/li>\n<li>D\u00e9cideurs au sein des mus\u00e9es, sites patrimoniaux, institutions culturelles<\/li>\n<\/ul>\n<p>&nbsp;<\/p>\n<\/div>\n<\/div><\/div><\/div><div id=\"panel-w69c1753e45c2f-0-0-1\" class=\"so-panel widget widget_sow-editor panel-last-child\" data-index=\"1\" ><div class=\"bottom-contact-left panel-widget-style panel-widget-style-for-w69c1753e45c2f-0-0-1\" ><div\n\t\t\t\n\t\t\tclass=\"so-widget-sow-editor so-widget-sow-editor-base\"\n\t\t\t\n\t\t>\n<div class=\"siteorigin-widget-tinymce textwidget\">\n\t<p><i><span style=\"font-weight: 400;\">Veuillez noter que votre inscription en tant que d\u00e9cideur n'est gratuite qu'apr\u00e8s validation par l'\u00e9quipe Sunny Side.<\/span><\/i><\/p>\n<\/div>\n<\/div><\/div><\/div><\/div><\/div><div id=\"pg-w69c1753e45c2f-1\"  class=\"panel-grid panel-has-style\" ><div class=\"register-form-inner panel-row-style panel-row-style-for-w69c1753e45c2f-1\" ><div id=\"pgc-w69c1753e45c2f-1-0\"  class=\"panel-grid-cell\" ><div id=\"panel-w69c1753e45c2f-1-0-0\" class=\"so-panel widget widget_sow-editor panel-first-child\" data-index=\"2\" ><div class=\"register-form-left panel-widget-style panel-widget-style-for-w69c1753e45c2f-1-0-0\" ><div\n\t\t\t\n\t\t\tclass=\"so-widget-sow-editor so-widget-sow-editor-base\"\n\t\t\t\n\t\t>\n<div class=\"siteorigin-widget-tinymce textwidget\">\n\t<h2>participer en tant que d\u00e9cideur<\/h2>\n<p><span style=\"font-weight: 400;\">Vous souhaitez rencontrer des producteurs et distributeurs de documentaires du monde entier ? Remplissez ce formulaire pour \u00eatre contact\u00e9 par notre \u00e9quipe commerciale*.<\/span><\/p>\n\n<div class=\"wpcf7 no-js\" id=\"wpcf7-f2783-o1\" lang=\"fr-FR\" dir=\"ltr\" data-wpcf7-id=\"2783\">\n<div class=\"screen-reader-response\"><p role=\"status\" aria-live=\"polite\" aria-atomic=\"true\"><\/p> <ul><\/ul><\/div>\n<form action=\"\/fr\/wp-json\/wp\/v2\/pages\/2757#wpcf7-f2783-o1\" method=\"post\" class=\"wpcf7-form init fd54a2afece7 cmatic-conn cmatic-aud-9 cmatic-mapd0-0 cmatic-v0976 cmatic-sent-0 cmatic-total-659\" aria-label=\"Formulaire de contact\" novalidate=\"novalidate\" data-status=\"init\">\n<fieldset class=\"hidden-fields-container\"><input type=\"hidden\" name=\"_wpcf7\" value=\"2783\" \/><input type=\"hidden\" name=\"_wpcf7_version\" value=\"6.1.5\" \/><input type=\"hidden\" name=\"_wpcf7_locale\" value=\"fr_FR\" \/><input type=\"hidden\" name=\"_wpcf7_unit_tag\" value=\"wpcf7-f2783-o1\" \/><input type=\"hidden\" name=\"_wpcf7_container_post\" value=\"0\" \/><input type=\"hidden\" name=\"_wpcf7_posted_data_hash\" value=\"\" \/>\n<\/fieldset>\n<div class=\"form-wrapper\">\n\t<div class=\"form-item event\">\n\t\t<div class=\"form-item-inner\">\n\t\t\t<p><span class=\"wpcf7-form-control-wrap\" data-name=\"event\"><select class=\"wpcf7-form-control wpcf7-select wpcf7-validates-as-required\" aria-required=\"true\" aria-invalid=\"false\" name=\"event\"><option value=\"\">Choisissez l&#039;\u00e9v\u00e9nement auquel vous souhaitez assister :*<\/option><option value=\"Sunny side of the doc\">Sunny side of the doc<\/option><\/select><\/span>\n\t\t\t<\/p>\n\t\t<\/div>\n\t<\/div>\n\t<div class=\"form-item first-name\">\n\t\t<div class=\"form-item-inner\">\n\t\t\t<p><span class=\"wpcf7-form-control-wrap\" data-name=\"fname\"><input size=\"40\" maxlength=\"400\" class=\"wpcf7-form-control wpcf7-text wpcf7-validates-as-required\" aria-required=\"true\" aria-invalid=\"false\" placeholder=\"Pr\u00e9nom*\" value=\"\" type=\"text\" name=\"fname\" \/><\/span>\n\t\t\t<\/p>\n\t\t<\/div>\n\t<\/div>\n\t<div class=\"form-item name\">\n\t\t<div class=\"form-item-inner\">\n\t\t\t<p><span class=\"wpcf7-form-control-wrap\" data-name=\"lname\"><input size=\"40\" maxlength=\"400\" class=\"wpcf7-form-control wpcf7-text wpcf7-validates-as-required\" aria-required=\"true\" aria-invalid=\"false\" placeholder=\"Nom de famille*\" value=\"\" type=\"text\" name=\"lname\" \/><\/span>\n\t\t\t<\/p>\n\t\t<\/div>\n\t<\/div>\n\t<div class=\"form-item company\">\n\t\t<div class=\"form-item-inner\">\n\t\t\t<p><span class=\"wpcf7-form-control-wrap\" data-name=\"company\"><input size=\"40\" maxlength=\"400\" class=\"wpcf7-form-control wpcf7-text wpcf7-validates-as-required\" aria-required=\"true\" aria-invalid=\"false\" placeholder=\"Nom de l&#039;entreprise*\" value=\"\" type=\"text\" name=\"company\" \/><\/span>\n\t\t\t<\/p>\n\t\t<\/div>\n\t<\/div>\n\t<div class=\"form-item function\">\n\t\t<div class=\"form-item-inner\">\n\t\t\t<p><span class=\"wpcf7-form-control-wrap\" data-name=\"function\"><input size=\"40\" maxlength=\"400\" class=\"wpcf7-form-control wpcf7-text wpcf7-validates-as-required\" aria-required=\"true\" aria-invalid=\"false\" placeholder=\"Nom du poste ou activit\u00e9*\" value=\"\" type=\"text\" name=\"function\" \/><\/span>\n\t\t\t<\/p>\n\t\t<\/div>\n\t<\/div>\n\t<div class=\"form-item country\">\n\t\t<div class=\"form-item-inner\">\n\t\t\t<p><span class=\"wpcf7-form-control-wrap\" data-name=\"country\"><input size=\"40\" maxlength=\"400\" class=\"wpcf7-form-control wpcf7-text wpcf7-validates-as-required\" aria-required=\"true\" aria-invalid=\"false\" placeholder=\"Pays*\" value=\"\" type=\"text\" name=\"country\" \/><\/span>\n\t\t\t<\/p>\n\t\t<\/div>\n\t<\/div>\n\t<div class=\"form-item email\">\n\t\t<div class=\"form-item-inner\">\n\t\t\t<p><span class=\"wpcf7-form-control-wrap\" data-name=\"email\"><input size=\"40\" maxlength=\"400\" class=\"wpcf7-form-control wpcf7-email wpcf7-validates-as-required wpcf7-text wpcf7-validates-as-email\" aria-required=\"true\" aria-invalid=\"false\" placeholder=\"Adresse e-mail*\" value=\"\" type=\"email\" name=\"email\" \/><\/span>\n\t\t\t<\/p>\n\t\t<\/div>\n\t<\/div>\n\t<div class=\"form-item submit\">\n\t\t<div class=\"form-item-inner\">\n\t\t\t<p><span id=\"wpcf7-69e5f6195f5f4-wrapper\" class=\"wpcf7-form-control-wrap honeypot-973-wrap\" style=\"display:none !important; visibility:hidden !important;\"><input id=\"wpcf7-69e5f6195f5f4-field\"  class=\"wpcf7-form-control wpcf7-text\" type=\"text\" name=\"honeypot-973\" value=\"\" size=\"40\" tabindex=\"-1\" autocomplete=\"new-password\" \/><\/span><br \/>\n<input class=\"wpcf7-form-control wpcf7-submit has-spinner\" type=\"submit\" value=\"Envoyer\" \/>\n\t\t\t<\/p>\n\t\t<\/div>\n\t<\/div>\n<\/div><input type='hidden' class='wpcf7-pum' value='{\"closepopup\":false,\"closedelay\":0,\"openpopup\":false,\"openpopup_id\":0}' \/><div class=\"wpcf7-response-output\" aria-hidden=\"true\"><\/div>\n<\/form>\n<\/div>\n\n<\/div>\n<\/div><\/div><\/div><div id=\"panel-w69c1753e45c2f-1-0-1\" class=\"so-panel widget widget_sow-editor panel-last-child\" data-index=\"3\" ><div class=\"register-form-left panel-widget-style panel-widget-style-for-w69c1753e45c2f-1-0-1\" ><div\n\t\t\t\n\t\t\tclass=\"so-widget-sow-editor so-widget-sow-editor-base\"\n\t\t\t\n\t\t>\n<div class=\"siteorigin-widget-tinymce textwidget\">\n\t<h2>participer en tant que d\u00e9cideur<\/h2>\n<p><span style=\"font-weight: 400;\">Vous souhaitez rencontrer des producteurs et distributeurs de documentaires du monde entier ? Remplissez ce formulaire pour \u00eatre contact\u00e9 par notre \u00e9quipe commerciale*.<\/span><\/p>\n\n<div class=\"wpcf7 no-js\" id=\"wpcf7-f2783-o2\" lang=\"fr-FR\" dir=\"ltr\" data-wpcf7-id=\"2783\">\n<div class=\"screen-reader-response\"><p role=\"status\" aria-live=\"polite\" aria-atomic=\"true\"><\/p> <ul><\/ul><\/div>\n<form action=\"\/fr\/wp-json\/wp\/v2\/pages\/2757#wpcf7-f2783-o2\" method=\"post\" class=\"wpcf7-form init fd54a2afece7 cmatic-conn cmatic-aud-9 cmatic-mapd0-0 cmatic-v0976 cmatic-sent-0 cmatic-total-659\" aria-label=\"Formulaire de contact\" novalidate=\"novalidate\" data-status=\"init\">\n<fieldset class=\"hidden-fields-container\"><input type=\"hidden\" name=\"_wpcf7\" value=\"2783\" \/><input type=\"hidden\" name=\"_wpcf7_version\" value=\"6.1.5\" \/><input type=\"hidden\" name=\"_wpcf7_locale\" value=\"fr_FR\" \/><input type=\"hidden\" name=\"_wpcf7_unit_tag\" value=\"wpcf7-f2783-o2\" \/><input type=\"hidden\" name=\"_wpcf7_container_post\" value=\"0\" \/><input type=\"hidden\" name=\"_wpcf7_posted_data_hash\" value=\"\" \/>\n<\/fieldset>\n<div class=\"form-wrapper\">\n\t<div class=\"form-item event\">\n\t\t<div class=\"form-item-inner\">\n\t\t\t<p><span class=\"wpcf7-form-control-wrap\" data-name=\"event\"><select class=\"wpcf7-form-control wpcf7-select wpcf7-validates-as-required\" aria-required=\"true\" aria-invalid=\"false\" name=\"event\"><option value=\"\">Choisissez l&#039;\u00e9v\u00e9nement auquel vous souhaitez assister :*<\/option><option value=\"Sunny side of the doc\">Sunny side of the doc<\/option><\/select><\/span>\n\t\t\t<\/p>\n\t\t<\/div>\n\t<\/div>\n\t<div class=\"form-item first-name\">\n\t\t<div class=\"form-item-inner\">\n\t\t\t<p><span class=\"wpcf7-form-control-wrap\" data-name=\"fname\"><input size=\"40\" maxlength=\"400\" class=\"wpcf7-form-control wpcf7-text wpcf7-validates-as-required\" aria-required=\"true\" aria-invalid=\"false\" placeholder=\"Pr\u00e9nom*\" value=\"\" type=\"text\" name=\"fname\" \/><\/span>\n\t\t\t<\/p>\n\t\t<\/div>\n\t<\/div>\n\t<div class=\"form-item name\">\n\t\t<div class=\"form-item-inner\">\n\t\t\t<p><span class=\"wpcf7-form-control-wrap\" data-name=\"lname\"><input size=\"40\" maxlength=\"400\" class=\"wpcf7-form-control wpcf7-text wpcf7-validates-as-required\" aria-required=\"true\" aria-invalid=\"false\" placeholder=\"Nom de famille*\" value=\"\" type=\"text\" name=\"lname\" \/><\/span>\n\t\t\t<\/p>\n\t\t<\/div>\n\t<\/div>\n\t<div class=\"form-item company\">\n\t\t<div class=\"form-item-inner\">\n\t\t\t<p><span class=\"wpcf7-form-control-wrap\" data-name=\"company\"><input size=\"40\" maxlength=\"400\" class=\"wpcf7-form-control wpcf7-text wpcf7-validates-as-required\" aria-required=\"true\" aria-invalid=\"false\" placeholder=\"Nom de l&#039;entreprise*\" value=\"\" type=\"text\" name=\"company\" \/><\/span>\n\t\t\t<\/p>\n\t\t<\/div>\n\t<\/div>\n\t<div class=\"form-item function\">\n\t\t<div class=\"form-item-inner\">\n\t\t\t<p><span class=\"wpcf7-form-control-wrap\" data-name=\"function\"><input size=\"40\" maxlength=\"400\" class=\"wpcf7-form-control wpcf7-text wpcf7-validates-as-required\" aria-required=\"true\" aria-invalid=\"false\" placeholder=\"Nom du poste ou activit\u00e9*\" value=\"\" type=\"text\" name=\"function\" \/><\/span>\n\t\t\t<\/p>\n\t\t<\/div>\n\t<\/div>\n\t<div class=\"form-item country\">\n\t\t<div class=\"form-item-inner\">\n\t\t\t<p><span class=\"wpcf7-form-control-wrap\" data-name=\"country\"><input size=\"40\" maxlength=\"400\" class=\"wpcf7-form-control wpcf7-text wpcf7-validates-as-required\" aria-required=\"true\" aria-invalid=\"false\" placeholder=\"Pays*\" value=\"\" type=\"text\" name=\"country\" \/><\/span>\n\t\t\t<\/p>\n\t\t<\/div>\n\t<\/div>\n\t<div class=\"form-item email\">\n\t\t<div class=\"form-item-inner\">\n\t\t\t<p><span class=\"wpcf7-form-control-wrap\" data-name=\"email\"><input size=\"40\" maxlength=\"400\" class=\"wpcf7-form-control wpcf7-email wpcf7-validates-as-required wpcf7-text wpcf7-validates-as-email\" aria-required=\"true\" aria-invalid=\"false\" placeholder=\"Adresse e-mail*\" value=\"\" type=\"email\" name=\"email\" \/><\/span>\n\t\t\t<\/p>\n\t\t<\/div>\n\t<\/div>\n\t<div class=\"form-item submit\">\n\t\t<div class=\"form-item-inner\">\n\t\t\t<p><span id=\"wpcf7-69e5f619617b9-wrapper\" class=\"wpcf7-form-control-wrap honeypot-973-wrap\" style=\"display:none !important; visibility:hidden !important;\"><input id=\"wpcf7-69e5f619617b9-field\"  class=\"wpcf7-form-control wpcf7-text\" type=\"text\" name=\"honeypot-973\" value=\"\" size=\"40\" tabindex=\"-1\" autocomplete=\"new-password\" \/><\/span><br \/>\n<input class=\"wpcf7-form-control wpcf7-submit has-spinner\" type=\"submit\" value=\"Envoyer\" \/>\n\t\t\t<\/p>\n\t\t<\/div>\n\t<\/div>\n<\/div><input type='hidden' class='wpcf7-pum' value='{\"closepopup\":false,\"closedelay\":0,\"openpopup\":false,\"openpopup_id\":0}' \/><div class=\"wpcf7-response-output\" aria-hidden=\"true\"><\/div>\n<\/form>\n<\/div>\n\n<\/div>\n<\/div><\/div><\/div><\/div><div id=\"pgc-w69c1753e45c2f-1-1\"  class=\"panel-grid-cell\" ><div id=\"panel-w69c1753e45c2f-1-1-0\" class=\"so-panel widget widget_sow-editor panel-first-child\" data-index=\"4\" ><div class=\"panel-widget-style panel-widget-style-for-w69c1753e45c2f-1-1-0\" ><div\n\t\t\t\n\t\t\tclass=\"so-widget-sow-editor so-widget-sow-editor-base\"\n\t\t\t\n\t\t>\n<div class=\"siteorigin-widget-tinymce textwidget\">\n\t<h3>Global pitch<\/h3>\n<ul>\n<li>6-7 F\u00e9vrier 2024<\/li>\n<li>en ligne<\/li>\n<\/ul>\n<\/div>\n<\/div><\/div><\/div><div id=\"panel-w69c1753e45c2f-1-1-1\" class=\"so-panel widget widget_sow-button\" data-index=\"5\" ><div class=\"button-hover-type1 panel-widget-style panel-widget-style-for-w69c1753e45c2f-1-1-1\" ><div\n\t\t\t\n\t\t\tclass=\"so-widget-sow-button so-widget-sow-button-flat-d8eef81af757\"\n\t\t\t\n\t\t><div class=\"ow-button-base ow-button-align-left\"\n>\n\t\t\t<a\n\t\t\t\t\thref=\"https:\/\/www.sunnysideofthedoc.com\/fr\/evenements\/evenements-2024\/\"\n\t\t\t\t\tclass=\"sowb-button ow-icon-placement-left ow-button-hover\" \t>\n\t\t<span>\n\t\t\t\n\t\t\tplus d'infos\t\t<\/span>\n\t\t\t<\/a>\n\t<\/div>\n<\/div><\/div><\/div><div id=\"panel-w69c1753e45c2f-1-1-2\" class=\"so-panel widget widget_sow-editor\" data-index=\"6\" ><div\n\t\t\t\n\t\t\tclass=\"so-widget-sow-editor so-widget-sow-editor-base\"\n\t\t\t\n\t\t>\n<div class=\"siteorigin-widget-tinymce textwidget\">\n\t<h3>Sunny side of the doc<\/h3>\n<ul>\n<li>22-24 juin 2026<\/li>\n<li>La Rochelle, France<\/li>\n<\/ul>\n<\/div>\n<\/div><\/div><div id=\"panel-w69c1753e45c2f-1-1-3\" class=\"so-panel widget widget_sow-button panel-last-child\" data-index=\"7\" ><div class=\"button-hover-type1 panel-widget-style panel-widget-style-for-w69c1753e45c2f-1-1-3\" ><div\n\t\t\t\n\t\t\tclass=\"so-widget-sow-button so-widget-sow-button-flat-d8eef81af757\"\n\t\t\t\n\t\t><div class=\"ow-button-base ow-button-align-left\"\n>\n\t\t\t<a\n\t\t\t\t\thref=\"https:\/\/www.sunnysideofthedoc.com\/fr\/evenement\/sunny-side-of-the-doc-2025\/\"\n\t\t\t\t\tclass=\"sowb-button ow-icon-placement-left ow-button-hover\" \t>\n\t\t<span>\n\t\t\t\n\t\t\tplus d'infos\t\t<\/span>\n\t\t\t<\/a>\n\t<\/div>\n<\/div><\/div><\/div><\/div><\/div><\/div><div id=\"pg-w69c1753e45c2f-2\"  class=\"panel-grid panel-no-style\" ><div id=\"pgc-w69c1753e45c2f-2-0\"  class=\"panel-grid-cell panel-grid-cell-empty panel-grid-cell-mobile-last\" ><\/div><div id=\"pgc-w69c1753e45c2f-2-1\"  class=\"panel-grid-cell panel-grid-cell-empty\" ><\/div><\/div><\/div><\/div><\/div><\/div><\/div><\/div><\/div>","protected":false},"excerpt":{"rendered":"<p>Qu&rsquo;est-ce qu&rsquo;un D\u00e9cideur \/ Decision Maker ? Une personne est consid\u00e9r\u00e9e comme Decision Maker lorsqu\u2019elle occupe un des postes suivants : Directeurs de cha\u00eene, responsables de programmation, charg\u00e9s de programmes, chefs d\u2019unit\u00e9 documentaires \/ coproduction Acheteurs et responsables des acquisitions au sein d\u2019une cha\u00eene ou d\u2019une plateforme D\u00e9cideurs institutionnels soutenant des projets documentaires t\u00e9l\u00e9vision, cin\u00e9ma [&hellip;]<\/p>\n","protected":false},"author":12,"featured_media":0,"parent":0,"menu_order":0,"comment_status":"closed","ping_status":"closed","template":"templates\/register_form.php","meta":{"_acf_changed":false,"inline_featured_image":false,"footnotes":""},"class_list":["post-2757","page","type-page","status-publish","hentry"],"acf":[],"yoast_head":"<!-- This site is optimized with the Yoast SEO plugin v27.1.1 - https:\/\/yoast.com\/product\/yoast-seo-wordpress\/ -->\n<title>Participer en tant que d\u00e9cideur - Sunny Side of the Doc<\/title>\n<meta name=\"description\" content=\"Si vous souhaitez vous inscrire en tant que d\u00e9cideur et rencontrer des producteurs et distributeurs de contenu internationaux, remplissez ce formulaire de contact.\" \/>\n<meta name=\"robots\" content=\"index, follow, max-snippet:-1, max-image-preview:large, max-video-preview:-1\" \/>\n<link rel=\"canonical\" href=\"https:\/\/www.sunnysideofthedoc.com\/fr\/participer-decideur\/\" \/>\n<meta property=\"og:locale\" content=\"fr_FR\" \/>\n<meta property=\"og:type\" content=\"article\" \/>\n<meta property=\"og:title\" content=\"Participer en tant que d\u00e9cideur - Sunny Side of the Doc\" \/>\n<meta property=\"og:description\" content=\"Si vous souhaitez vous inscrire en tant que d\u00e9cideur et rencontrer des producteurs et distributeurs de contenu internationaux, remplissez ce formulaire de contact.\" \/>\n<meta property=\"og:url\" content=\"https:\/\/www.sunnysideofthedoc.com\/fr\/participer-decideur\/\" \/>\n<meta property=\"og:site_name\" content=\"Sunny Side of the Doc\" \/>\n<meta property=\"article:publisher\" content=\"https:\/\/www.facebook.com\/sunnysideofthedoc\/\" \/>\n<meta property=\"article:modified_time\" content=\"2026-03-23T17:15:42+00:00\" \/>\n<script type=\"application\/ld+json\" class=\"yoast-schema-graph\">{\"@context\":\"https:\/\/schema.org\",\"@graph\":[{\"@type\":\"WebPage\",\"@id\":\"https:\/\/www.sunnysideofthedoc.com\/fr\/participer-decideur\/\",\"url\":\"https:\/\/www.sunnysideofthedoc.com\/fr\/participer-decideur\/\",\"name\":\"Participer en tant que d\u00e9cideur - Sunny Side of the Doc\",\"isPartOf\":{\"@id\":\"https:\/\/www.sunnysideofthedoc.com\/#website\"},\"datePublished\":\"2022-12-13T06:51:05+00:00\",\"dateModified\":\"2026-03-23T17:15:42+00:00\",\"description\":\"Si vous souhaitez vous inscrire en tant que d\u00e9cideur et rencontrer des producteurs et distributeurs de contenu internationaux, remplissez ce formulaire de contact.\",\"breadcrumb\":{\"@id\":\"https:\/\/www.sunnysideofthedoc.com\/fr\/participer-decideur\/#breadcrumb\"},\"inLanguage\":\"fr-FR\",\"potentialAction\":[{\"@type\":\"ReadAction\",\"target\":[\"https:\/\/www.sunnysideofthedoc.com\/fr\/participer-decideur\/\"]}]},{\"@type\":\"BreadcrumbList\",\"@id\":\"https:\/\/www.sunnysideofthedoc.com\/fr\/participer-decideur\/#breadcrumb\",\"itemListElement\":[{\"@type\":\"ListItem\",\"position\":1,\"name\":\"Home\",\"item\":\"https:\/\/www.sunnysideofthedoc.com\/fr\/\"},{\"@type\":\"ListItem\",\"position\":2,\"name\":\"Participer en tant que d\u00e9cideur\"}]},{\"@type\":\"WebSite\",\"@id\":\"https:\/\/www.sunnysideofthedoc.com\/#website\",\"url\":\"https:\/\/www.sunnysideofthedoc.com\/\",\"name\":\"Sunny Side of the Doc\",\"description\":\"\",\"publisher\":{\"@id\":\"https:\/\/www.sunnysideofthedoc.com\/#organization\"},\"potentialAction\":[{\"@type\":\"SearchAction\",\"target\":{\"@type\":\"EntryPoint\",\"urlTemplate\":\"https:\/\/www.sunnysideofthedoc.com\/?s={search_term_string}\"},\"query-input\":{\"@type\":\"PropertyValueSpecification\",\"valueRequired\":true,\"valueName\":\"search_term_string\"}}],\"inLanguage\":\"fr-FR\"},{\"@type\":\"Organization\",\"@id\":\"https:\/\/www.sunnysideofthedoc.com\/#organization\",\"name\":\"Sunny Side of the Doc\",\"url\":\"https:\/\/www.sunnysideofthedoc.com\/\",\"logo\":{\"@type\":\"ImageObject\",\"inLanguage\":\"fr-FR\",\"@id\":\"https:\/\/www.sunnysideofthedoc.com\/#\/schema\/logo\/image\/\",\"url\":\"https:\/\/www.sunnysideofthedoc.com\/wp-content\/uploads\/2026\/03\/cropped-logo-vertical-blanc.png\",\"contentUrl\":\"https:\/\/www.sunnysideofthedoc.com\/wp-content\/uploads\/2026\/03\/cropped-logo-vertical-blanc.png\",\"width\":1080,\"height\":1080,\"caption\":\"Sunny Side of the Doc\"},\"image\":{\"@id\":\"https:\/\/www.sunnysideofthedoc.com\/#\/schema\/logo\/image\/\"},\"sameAs\":[\"https:\/\/www.facebook.com\/sunnysideofthedoc\/\",\"https:\/\/x.com\/SunnySideDoc\",\"https:\/\/www.instagram.com\/sunnysidedoc\/\",\"https:\/\/www.linkedin.com\/company\/sunnysideofthedoc\/\"]}]}<\/script>\n<!-- \/ Yoast SEO plugin. -->","yoast_head_json":{"title":"Participer en tant que d\u00e9cideur - Sunny Side of the Doc","description":"Si vous souhaitez vous inscrire en tant que d\u00e9cideur et rencontrer des producteurs et distributeurs de contenu internationaux, remplissez ce formulaire de contact.","robots":{"index":"index","follow":"follow","max-snippet":"max-snippet:-1","max-image-preview":"max-image-preview:large","max-video-preview":"max-video-preview:-1"},"canonical":"https:\/\/www.sunnysideofthedoc.com\/fr\/participer-decideur\/","og_locale":"fr_FR","og_type":"article","og_title":"Participer en tant que d\u00e9cideur - Sunny Side of the Doc","og_description":"Si vous souhaitez vous inscrire en tant que d\u00e9cideur et rencontrer des producteurs et distributeurs de contenu internationaux, remplissez ce formulaire de contact.","og_url":"https:\/\/www.sunnysideofthedoc.com\/fr\/participer-decideur\/","og_site_name":"Sunny Side of the Doc","article_publisher":"https:\/\/www.facebook.com\/sunnysideofthedoc\/","article_modified_time":"2026-03-23T17:15:42+00:00","schema":{"@context":"https:\/\/schema.org","@graph":[{"@type":"WebPage","@id":"https:\/\/www.sunnysideofthedoc.com\/fr\/participer-decideur\/","url":"https:\/\/www.sunnysideofthedoc.com\/fr\/participer-decideur\/","name":"Participer en tant que d\u00e9cideur - Sunny Side of the Doc","isPartOf":{"@id":"https:\/\/www.sunnysideofthedoc.com\/#website"},"datePublished":"2022-12-13T06:51:05+00:00","dateModified":"2026-03-23T17:15:42+00:00","description":"Si vous souhaitez vous inscrire en tant que d\u00e9cideur et rencontrer des producteurs et distributeurs de contenu internationaux, remplissez ce formulaire de contact.","breadcrumb":{"@id":"https:\/\/www.sunnysideofthedoc.com\/fr\/participer-decideur\/#breadcrumb"},"inLanguage":"fr-FR","potentialAction":[{"@type":"ReadAction","target":["https:\/\/www.sunnysideofthedoc.com\/fr\/participer-decideur\/"]}]},{"@type":"BreadcrumbList","@id":"https:\/\/www.sunnysideofthedoc.com\/fr\/participer-decideur\/#breadcrumb","itemListElement":[{"@type":"ListItem","position":1,"name":"Home","item":"https:\/\/www.sunnysideofthedoc.com\/fr\/"},{"@type":"ListItem","position":2,"name":"Participer en tant que d\u00e9cideur"}]},{"@type":"WebSite","@id":"https:\/\/www.sunnysideofthedoc.com\/#website","url":"https:\/\/www.sunnysideofthedoc.com\/","name":"Sunny Side of the Doc","description":"","publisher":{"@id":"https:\/\/www.sunnysideofthedoc.com\/#organization"},"potentialAction":[{"@type":"SearchAction","target":{"@type":"EntryPoint","urlTemplate":"https:\/\/www.sunnysideofthedoc.com\/?s={search_term_string}"},"query-input":{"@type":"PropertyValueSpecification","valueRequired":true,"valueName":"search_term_string"}}],"inLanguage":"fr-FR"},{"@type":"Organization","@id":"https:\/\/www.sunnysideofthedoc.com\/#organization","name":"Sunny Side of the Doc","url":"https:\/\/www.sunnysideofthedoc.com\/","logo":{"@type":"ImageObject","inLanguage":"fr-FR","@id":"https:\/\/www.sunnysideofthedoc.com\/#\/schema\/logo\/image\/","url":"https:\/\/www.sunnysideofthedoc.com\/wp-content\/uploads\/2026\/03\/cropped-logo-vertical-blanc.png","contentUrl":"https:\/\/www.sunnysideofthedoc.com\/wp-content\/uploads\/2026\/03\/cropped-logo-vertical-blanc.png","width":1080,"height":1080,"caption":"Sunny Side of the Doc"},"image":{"@id":"https:\/\/www.sunnysideofthedoc.com\/#\/schema\/logo\/image\/"},"sameAs":["https:\/\/www.facebook.com\/sunnysideofthedoc\/","https:\/\/x.com\/SunnySideDoc","https:\/\/www.instagram.com\/sunnysidedoc\/","https:\/\/www.linkedin.com\/company\/sunnysideofthedoc\/"]}]}},"_links":{"self":[{"href":"https:\/\/www.sunnysideofthedoc.com\/fr\/wp-json\/wp\/v2\/pages\/2757","targetHints":{"allow":["GET"]}}],"collection":[{"href":"https:\/\/www.sunnysideofthedoc.com\/fr\/wp-json\/wp\/v2\/pages"}],"about":[{"href":"https:\/\/www.sunnysideofthedoc.com\/fr\/wp-json\/wp\/v2\/types\/page"}],"author":[{"embeddable":true,"href":"https:\/\/www.sunnysideofthedoc.com\/fr\/wp-json\/wp\/v2\/users\/12"}],"replies":[{"embeddable":true,"href":"https:\/\/www.sunnysideofthedoc.com\/fr\/wp-json\/wp\/v2\/comments?post=2757"}],"version-history":[{"count":35,"href":"https:\/\/www.sunnysideofthedoc.com\/fr\/wp-json\/wp\/v2\/pages\/2757\/revisions"}],"predecessor-version":[{"id":12486,"href":"https:\/\/www.sunnysideofthedoc.com\/fr\/wp-json\/wp\/v2\/pages\/2757\/revisions\/12486"}],"wp:attachment":[{"href":"https:\/\/www.sunnysideofthedoc.com\/fr\/wp-json\/wp\/v2\/media?parent=2757"}],"curies":[{"name":"wp","href":"https:\/\/api.w.org\/{rel}","templated":true}]}}